{"id":901,"date":"2020-08-14T16:27:52","date_gmt":"2020-08-14T16:27:52","guid":{"rendered":"https:\/\/olganaturalistheway.com\/privacy-policy\/"},"modified":"2020-08-21T15:46:58","modified_gmt":"2020-08-21T15:46:58","slug":"politica-de-privacidade","status":"publish","type":"page","link":"https:\/\/olganaturalistheway.com\/pt-pt\/politica-de-privacidade\/","title":{"rendered":"Pol\u00edtica de Privacidade"},"content":{"rendered":"<p><strong>1. Introdu\u00e7\u00e3o e Termos Gerais<\/strong><\/p>\n<p><span style=\"font-weight: 400;\">O Sal\u00e3o Olga Ltda compromete-se a proteger todas as suas informa\u00e7\u00f5es e as informa\u00e7\u00f5es da sua empresa. A nossa Pol\u00edtica de Privacidade refere-se ao uso que fazemos de qualquer informa\u00e7\u00e3o pessoal que nos poder\u00e1 fornecer atrav\u00e9s do website olganatureza.com.<\/span><\/p>\n<p><span style=\"font-weight: 400;\">A Pol\u00edtica de Privacidade abaixo explica os seguintes pontos:<\/span><\/p>\n<ul>\n<li style=\"font-weight: 400;\"><span style=\"font-weight: 400;\">Que informa\u00e7\u00e3o podemos coletar sobre si;<\/span><\/li>\n<li style=\"font-weight: 400;\"><span style=\"font-weight: 400;\">Como iremos utilizar a informa\u00e7\u00e3o que coletamos;<\/span><\/li>\n<li style=\"font-weight: 400;\"><span style=\"font-weight: 400;\">Quando poderemos utilizar a informa\u00e7\u00e3o fornecida para o contactar;<\/span><\/li>\n<li style=\"font-weight: 400;\"><span style=\"font-weight: 400;\">Se iremos divulgar a sua informa\u00e7\u00e3o para mais algu\u00e9m;<\/span><\/li>\n<li style=\"font-weight: 400;\"><span style=\"font-weight: 400;\">As suas op\u00e7\u00f5es em rela\u00e7\u00e3o \u00e0s informa\u00e7\u00f5es pessoais que forneceu;<\/span><\/li>\n<li style=\"font-weight: 400;\"><span style=\"font-weight: 400;\">O uso de cookies no nosso website e como pode rejeitar o uso de cookies.<\/span><\/li>\n<\/ul>\n<p><span style=\"font-weight: 400;\">O Sal\u00e3o Olga Ltda compromete-se a salvaguardar as suas informa\u00e7\u00f5es pessoais. Sempre que fornecer essas informa\u00e7\u00f5es, somos legalmente obrigados a us\u00e1-las de acordo com todas as leis relativas \u00e0 prote\u00e7\u00e3o de informa\u00e7\u00f5es pessoais, incluindo a Lei de Prote\u00e7\u00e3o de Dados de 1998 (Reino Unido) e a Diretiva de Privacidade e Comunica\u00e7\u00f5es Eletr\u00f3nicas de 2003 (CE), e o GDPR (Regulamento Geral de Prote\u00e7\u00e3o de Dados) 2018.<\/span><\/p>\n<p><span style=\"font-weight: 400;\">Levamos a seguran\u00e7a dos dados que tratamos muito a s\u00e9rio. O nosso software \u00e9 atualizado, testado e protegido regularmente. Temos protocolos de seguran\u00e7a digital para garantir que os dados que mantemos sejam mantidos em seguran\u00e7a.<\/span><\/p>\n<p><strong>2. Que informa\u00e7\u00e3o o Sal\u00e3o Olga Ltda ir\u00e1 coletar sobre mim?<\/strong><\/p>\n<p><span style=\"font-weight: 400;\">Quando se inscrever para participar ou receber um servi\u00e7o do nosso website, como compras ou consultas online, podemos solicitar-lhe informa\u00e7\u00f5es pessoais. Estas informa\u00e7\u00f5es podem incluir o seu nome, endere\u00e7o de email, morada, telefone ou n\u00famero de telem\u00f3vel ou detalhes da sua empresa. Dependendo do servi\u00e7o, podemos solicitar diferentes informa\u00e7\u00f5es pessoais.<\/span><\/p>\n<p><span style=\"font-weight: 400;\">Ao inserir os seus dados nos campos solicitados, permite que possamos fornecer os servi\u00e7os que selecionar.<\/span><\/p>\n<p><span style=\"font-weight: 400;\">Tenha em aten\u00e7\u00e3o, que \u00e0s vezes, em determinadas p\u00e1ginas, solicitamos que forne\u00e7a informa\u00e7\u00f5es pessoais adicionais para proceder \u00e0 compra de produtos. Ser\u00e1 necess\u00e1rio inserir informa\u00e7\u00f5es de pagamento\/cart\u00e3o atrav\u00e9s dos nossos gateways de pagamento selecionados, como o Paypal.<\/span><\/p>\n<p><span style=\"font-weight: 400;\">Por favor leia <\/span><a href=\"https:\/\/www.paypal.com\/en\/webapps\/mpp\/ua\/privacy-full\"><span style=\"font-weight: 400;\">https:\/\/www.paypal.com\/en\/webapps\/mpp\/ua\/privacy-full<\/span><\/a><span style=\"font-weight: 400;\"> onde pode encontrar a pol\u00edtica de privacidade do PayPal.<\/span><\/p>\n<p><span style=\"font-weight: 400;\">Utilizamos cookies e coletamos endere\u00e7os de IP (um endere\u00e7o de IP \u00e9 um n\u00famero que pode identificar exclusivamente um computador espec\u00edfico ou outro dispositivo de rede na Internet). Utilizamos essas informa\u00e7\u00f5es para ajudar a melhorar o nosso website. qualquer informa\u00e7\u00e3o desta natureza n\u00e3o \u00e9 utilizada para perfis pessoais e permanece an\u00f3nima de acordo com a declara\u00e7\u00e3o de privacidade da Google.<\/span><\/p>\n<p><strong>3. Como ser\u00e1 utilizada a informa\u00e7\u00e3o coletada?<\/strong><\/p>\n<p><span style=\"font-weight: 400;\">As nossas comunica\u00e7\u00f5es s\u00e3o desenhadas para inform\u00e1-lo de todos os nossos benef\u00edcios e para que possa ter acesso exclusivo \u00e0s nossas melhores ofertas. Usamos as informa\u00e7\u00f5es que coletamos sobre si, para adaptar o conte\u00fado e tentar garantir que as ofertas sejam, para si, o mais relevante poss\u00edvel.<\/span><\/p>\n<p><span style=\"font-weight: 400;\">Utilizaremos a sua informa\u00e7\u00e3o pessoal das formas seguintes:<\/span><\/p>\n<ul>\n<li style=\"font-weight: 400;\"><span style=\"font-weight: 400;\">para \u201cfins de administra\u00e7\u00e3o e servi\u00e7o\u201d, o que significa que o Sal\u00e3o Olga Limited pode contact\u00e1-lo por motivos relacionados com o servi\u00e7o para o qual se inscreveu, por exemplo uma compra ou inqu\u00e9rito.<\/span><\/li>\n<li style=\"font-weight: 400;\"><span style=\"font-weight: 400;\">para contact\u00e1-lo acerca da submiss\u00e3o de que tenha feito no website, inqu\u00e9ritos, ou qualquer entrada na p\u00e1gina de contactos.<\/span><\/li>\n<li style=\"font-weight: 400;\"><span style=\"font-weight: 400;\">os endere\u00e7os de IP s\u00e3o usados para identificar a localiza\u00e7\u00e3o dos usu\u00e1rios, o n\u00famero de visitas de diferentes pa\u00edses e tamb\u00e9m para bloquear o uso disruptivo; e, para analisar e melhorar os servi\u00e7os oferecidos no nosso website.<\/span><\/li>\n<\/ul>\n<p><span style=\"font-weight: 400;\">Se as suas informa\u00e7\u00f5es forem propostas para quaisquer outros usos, o Sal\u00e3o Olga Ltda, ir\u00e1 assegurar-se de o informar primeiro. Ter\u00e1 tamb\u00e9m a oportunidade de negar ou retirar o seu consentimento, a menos que tenhamos a obriga\u00e7\u00e3o legal de continuar processando os seus dados.<\/span><\/p>\n<p><strong>4. Quando o Sal\u00e3o Olga Ltda ir\u00e1 contactar-me?<\/strong><\/p>\n<p><span style=\"font-weight: 400;\">Poderemos contact\u00e1-lo:<\/span><\/p>\n<ul>\n<li style=\"font-weight: 400;\"><span style=\"font-weight: 400;\">em rela\u00e7\u00e3o a qualquer servi\u00e7o no qual se possa ter inscrito ou de forma a assegurar de que conseguimos entregar-lhe os nossos servi\u00e7os;<\/span><\/li>\n<li style=\"font-weight: 400;\"><span style=\"font-weight: 400;\">se optou por receber correspond\u00eancia adicional (por exemplo, inqu\u00e9ritos);<\/span><\/li>\n<li style=\"font-weight: 400;\"><span style=\"font-weight: 400;\">em rela\u00e7\u00e3o a alguma encomenda que possa ter feito no nosso website;<\/span><\/li>\n<li style=\"font-weight: 400;\"><span style=\"font-weight: 400;\">para fins de marketing, desde que tenha concordado especificamente com iss (consulte o par\u00e1grafo 5 abaixo).<\/span><\/li>\n<\/ul>\n<p><strong>5. Serei contactado para fins de marketing?<\/strong><\/p>\n<p><span style=\"font-weight: 400;\">O Sal\u00e3o Olga Ltda poder\u00e1 entrar em contacto para promover produtos os novos servi\u00e7os que sejam lhe relevantes.<\/span><\/p>\n<p><strong>6. Ir\u00e1 o Sal\u00e3o Olga Ltda partilhar a minha informa\u00e7\u00e3o pessoal com mais algu\u00e9m?<\/strong><\/p>\n<p><span style=\"font-weight: 400;\">Iremos manter as suas informa\u00e7\u00f5es confidenciais, exceto quando a sua divulga\u00e7\u00e3o for exigida ou permitida por lei (por exemplo, para \u00f3rg\u00e3os governamentais e ag\u00eancias de aplica\u00e7\u00e3o da lei) ou conforme descrito no par\u00e1grafo 7 abaixo. Geralmente, usaremos as suas informa\u00e7\u00f5es para fins pr\u00f3prios.<\/span><\/p>\n<p><span style=\"font-weight: 400;\">No entanto, \u00e0s vezes, exigimos que terceiros (correios, etc) processem as suas informa\u00e7\u00f5es. Exigiremos que esses terceiros cumpram estritamente com as suas instru\u00e7\u00f5es e tamb\u00e9m exigiremos que n\u00e3o usem as suas informa\u00e7\u00f5es pessoais para fins pr\u00f3prios e comerciais.<\/span><\/p>\n<p><span style=\"font-weight: 400;\">Poderemos compartilhar os seus dados, a menos que sejamos instru\u00eddos de outra forma, com empresas de retalho, cuidadosamente selecionadas por n\u00f3s que acreditamos ser do seu interesse. Podemos permitir que os nossos parceiros da \u00e1rea do retalho usem os seus dados para fornecer informa\u00e7\u00f5es sobre os seus produtos e servi\u00e7os por correio, n\u00e3o compartilhamos endere\u00e7os de email. Faremos isso quando acreditarmos que e \u00e9 do interesse m\u00fatuo e leg\u00edtimo faz\u00ea-lo.<\/span><\/p>\n<p><strong>7. Conte\u00fado ofensivo ou inapropriado no website Sal\u00e3o Olga Ltda<\/strong><\/p>\n<p><span style=\"font-weight: 400;\">Se enviar ou postar conte\u00fado ofensivo, inapropriado ou censur\u00e1vel em qualquer lugar do nosso website ou de uma outra forma que envolva qualquer comportamento disruptivo no nosso website, usaremos as suas informa\u00e7\u00f5es pessoais para impedir tal comportamento.<\/span><\/p>\n<p><span style=\"font-weight: 400;\">Quando o Sal\u00e3o Olga Ltda acreditar que est\u00e1 ou poder\u00e1 estar a violar qualquer umas das leis de Jersey ou do Reino Unido (por exemplo, por o conte\u00fado postado poder ser fraudulento ou difamat\u00f3rio), podemos usar as suas informa\u00e7\u00f5es pessoais para informar terceiros relevantes, tais como o seu provedor de internet\/email ou ag\u00eancias de aplica\u00e7\u00e3o da lei sobre o seu conte\u00fado e o seu comportamento.<\/span><\/p>\n<p><strong>8. Se for um usu\u00e1rio com 16 anos ou menos?<\/strong><\/p>\n<p><span style=\"font-weight: 400;\">Se tiver 16 anos ou menos, por favor, pe\u00e7a autoriza\u00e7\u00e3o aos seus pais\/tutores legais com anteced\u00eancia sempre que fornecer informa\u00e7\u00f5es pessoais no nosso website. Os usu\u00e1rios sem esse consentimento n\u00e3o t\u00eam permiss\u00e3o para nos fornecer informa\u00e7\u00f5es pessoais.<\/span><\/p>\n<p><strong>9. Por quanto tempo ir\u00e1 o Sal\u00e3o Olga Ltda guardar a minha informa\u00e7\u00e3o pessoal?<\/strong><\/p>\n<p><span style=\"font-weight: 400;\">Iremos manter as suas informa\u00e7\u00f5es pessoais nos nossos sistemas pelo tempo que for necess\u00e1rio para o servi\u00e7o, pelo tempo que for estabelecido em qualquer contrato, ou pelo tempo que solicitarmos acesso para processamento da contabilidade ou refer\u00eancia.<\/span><\/p>\n<p><span style=\"font-weight: 400;\">No caso de desejar remover os seus dados do nosso website, entre em contacto connosco e poder\u00e1 faz\u00ea-lo manualmente. Por favor, note que devido a uma obriga\u00e7\u00e3o legal, este processo pode n\u00e3o ser poss\u00edvel se houver um pedido ativo, somente quando o pedido for conclu\u00eddo e a nossa obriga\u00e7\u00e3o legal expirar, \u00e9 que poderemos remover as suas informa\u00e7\u00f5es do nosso banco de dados.<\/span><\/p>\n<p><strong>10. Posso descobrir quais informa\u00e7\u00f5es pessoais o Sal\u00e3o Olga Ltda tem sobre mim?<\/strong><\/p>\n<p><span style=\"font-weight: 400;\">De acordo com a Lei de Prote\u00e7\u00e3o de Dados e o Regulamento Geral de Prote\u00e7\u00e3o de Dados, tem o direito de solicitar uma c\u00f3pia das informa\u00e7\u00f5es pessoais que mantemos e de corrigir quaisquer imprecis\u00f5es. Exigiremos que prove a sua identidade antes que isso possa ser processado. Faremos o poss\u00edvel para fornecer, corrigir ou excluir as suas informa\u00e7\u00f5es pessoais nos nossos arquivos.<\/span><\/p>\n<p><span style=\"font-weight: 400;\">Entre em contacto connosco atrav\u00e9s do nosso website para solicitar uma c\u00f3pia de todas as informa\u00e7\u00f5es que possu\u00edmos.<\/span><\/p>\n<p><strong>11. Se acessar no site do Sal\u00e3o Olga Ltda fora do Reino Unido?<\/strong><\/p>\n<p><a href=\"https:\/\/www.willowbeautyproducts.co.uk\"><span style=\"font-weight: 400;\">https:\/\/www.willowbeautyproducts.co.uk<\/span><\/a><span style=\"font-weight: 400;\"> est\u00e1 hospedado no Reino Unido usando o nosso fornecedor. Para usu\u00e1rios internacionais que acessam o website fora do Reino Unido, todas as informa\u00e7\u00f5es pessoais enviadas para o website ser\u00e3o processadas de acordo com esta Pol\u00edtica de Privacidade (e quaisquer termos locais que se apliquem aos websites), a menos que os termos especifiquem o contr\u00e1rio.<\/span><\/p>\n<p><strong>12. Pol\u00edtica de Cookies &#8211; Informa\u00e7\u00f5es que coletamos<\/strong><\/p>\n<p><span style=\"font-weight: 400;\">Consulte <\/span><a href=\"https:\/\/support.google.com\/analytics\/answer\/6004245\"><span style=\"font-weight: 400;\">https:\/\/support.google.com\/analytics\/answer\/6004245<\/span><\/a><span style=\"font-weight: 400;\"> para saber mais sobre como usamos cookies para o Google Analytics.<\/span><\/p>\n<p><span style=\"font-weight: 400;\">Pode optar por n\u00e3o ter cookies ativos, o que afetar\u00e1 o desempenho dos nossos websites durante a sua visita. Existem alguns cookies que s\u00e3o classificados como \u201cestritamente necess\u00e1rios\u201d para o funcionamento do website e, como tal, est\u00e3o isentos do requisito\u00a0 normal de consentimento do usu\u00e1rio. Nenhum desses cookies armazena informa\u00e7\u00f5es pessoais identific\u00e1veis e s\u00e3o exclu\u00eddos quando fecha a sess\u00e3o no navegador.<\/span><\/p>\n<p><span style=\"font-weight: 400;\">Respeitamos a sua privacidade e seguran\u00e7a. As suas informa\u00e7\u00f5es, como dados de morada, n\u00fameros de telefone n\u00e3o ser\u00e3o compartilhados, a menos que aceite conforme especificado para uma determinada oferta ou promo\u00e7\u00e3o. As suas informa\u00e7\u00f5es de pagamento n\u00e3o s\u00e3o obtidas nem mantidos pelo Sal\u00e3o Olga Ltda por meio deste website, e s\u00e3o processadas por meio do nosso portal de pagamento terceirizado PayPal. Isso fornece-lhe a tranquilidade de saber que empresas de pagamento l\u00edderes do setor est\u00e3o a lidar com as transa\u00e7\u00f5es.<\/span><\/p>\n<p><span style=\"font-weight: 400;\">Poderemos coletar as seguintes informa\u00e7\u00f5es:<\/span><\/p>\n<ul>\n<li style=\"font-weight: 400;\"><span style=\"font-weight: 400;\">Nome<\/span><\/li>\n<li style=\"font-weight: 400;\"><span style=\"font-weight: 400;\">Informa\u00e7\u00f5es de contacto incluindo o email<\/span><\/li>\n<li style=\"font-weight: 400;\"><span style=\"font-weight: 400;\">Informa\u00e7\u00e3o demogr\u00e1fica assim como c\u00f3digo postal prefer\u00eancias e interesses<\/span><\/li>\n<li style=\"font-weight: 400;\"><span style=\"font-weight: 400;\">Outras informa\u00e7\u00f5es relevantes para pesquisas e\/ou ofertas de clientes<\/span><\/li>\n<\/ul>\n<p><span style=\"font-weight: 400;\">Para uma lista detalhada das cookies que coletamos, consulte: <\/span><a href=\"https:\/\/www.willowbeautyproducts.co.uk\/privacy-policy-cookie-restriction-mode#list\"><span style=\"font-weight: 400;\">https:\/\/www.willowbeautyproducts.co.uk\/privacy-policy-cookie-restriction-mode#list<\/span><\/a><\/p>\n<p><span style=\"font-weight: 400;\">O que fazemos com a informa\u00e7\u00e3o que coletamos?<\/span><\/p>\n<p><span style=\"font-weight: 400;\">Solicitamos essas informa\u00e7\u00f5es para entender melhor as suas necessidades e lhe prestarmos um melhor servi\u00e7o, principalmente pelos seguintes motivos:<\/span><\/p>\n<ul>\n<li style=\"font-weight: 400;\"><span style=\"font-weight: 400;\">manuten\u00e7\u00e3o de registros internos referenciando os seus pedidos;<\/span><\/li>\n<li style=\"font-weight: 400;\"><span style=\"font-weight: 400;\">podemos, periodicamente, enviar emails promocionais sobre novos produtos, ofertas especiais ou outras informa\u00e7\u00f5es que achamos que poder\u00e1 achar interessante usando o endere\u00e7o de email que nos forneceu, se concordou em receber tais atualiza\u00e7\u00f5es.<\/span><\/li>\n<\/ul>\n<p><strong>Seguran\u00e7a<\/strong><\/p>\n<p><span style=\"font-weight: 400;\">Estamos empenhados em garantir a seguran\u00e7a das suas informa\u00e7\u00f5es. A fim de evitar o acesso ou divulga\u00e7\u00e3o n\u00e3o autorizados, implementamos processos f\u00edsicos, eletr\u00f3nicos e administrativos adequados para salvaguardar e proteger as informa\u00e7\u00f5es que coletamos online.<\/span><\/p>\n<p><strong>Mais sobre Cookies<\/strong><\/p>\n<p><span style=\"font-weight: 400;\">Um cookie \u00e9 um pequeno arquivo que pede permiss\u00e3o para ser colocado no disco r\u00edgido do seu computador. Depois de concordar, o arquivo \u00e9 adicionado e o cookie ajuda a analisar o tr\u00e1fego da web ou permite que saiba quando visitou um determinado website. Os cookies permitem que os aplicativos da web respondam a voc\u00ea como um indiv\u00edduo. O aplicativo da web pode adaptar as suas opera\u00e7\u00f5es \u00e0s suas necessidades, gostos e prefer\u00eancias, reunindo e lembrando informa\u00e7\u00f5es.<\/span><\/p>\n<p><span style=\"font-weight: 400;\">Usamos cookies de registo de tr\u00e1fego para identificar quais p\u00e1ginas est\u00e3o a ser usadas. Isto ajuda-nos a analisar os dados sobre o tr\u00e1fego da p\u00e1gina web e melhorar o nosso website para adapt\u00e1-lo \u00e0s necessidades do cliente. Usamos essas informa\u00e7\u00f5es apenas para fins de an\u00e1lise estat\u00edstica e, em seguida, os dados s\u00e3o removidos do sistema.<\/span><\/p>\n<p><span style=\"font-weight: 400;\">No geral, os cookies ajudam-nos a fornecer um melhor website, permitindo-nos monitorar quais p\u00e1ginas considera \u00fateis e quais n\u00e3o. Um cookie de forma alguma nos d\u00e1 acesso ao seu computador ou a qualquer informa\u00e7\u00e3o sobre voc\u00ea, exceto os dados que decidir compartilhar connosco. Poder\u00e1 optar por aceitar ou recusar os cookies. A maioria dos navegadores da web aceita cookies automaticamente, mas \u00e9 poss\u00edvel, geralmente, modificar a configura\u00e7\u00e3o do seu navegador para recusar cookies, se preferir. Isso pode impedi-lo de usufruir ao m\u00e1ximo do nosso website.<\/span><\/p>\n<p>&nbsp;<\/p>\n","protected":false},"excerpt":{"rendered":"<p>1. Introdu\u00e7\u00e3o e Termos Gerais O Sal\u00e3o Olga Ltda compromete-se a proteger todas as suas informa\u00e7\u00f5es e as informa\u00e7\u00f5es da sua empresa. A nossa Pol\u00edtica de<span class=\"excerpt-hellip\"> [\u2026]<\/span><\/p>\n","protected":false},"author":1,"featured_media":0,"parent":0,"menu_order":0,"comment_status":"closed","ping_status":"closed","template":"","meta":{"footnotes":""},"class_list":["post-901","page","type-page","status-publish","hentry"],"yoast_head":"<!-- This site is optimized with the Yoast SEO plugin v25.5 - https:\/\/yoast.com\/wordpress\/plugins\/seo\/ -->\n<title>Pol\u00edtica de Privacidade - Olga Natureza<\/title>\n<meta name=\"robots\" content=\"index, follow, max-snippet:-1, max-image-preview:large, max-video-preview:-1\" \/>\n<link rel=\"canonical\" href=\"https:\/\/olganaturalistheway.com\/pt-pt\/politica-de-privacidade\/\" \/>\n<meta property=\"og:locale\" content=\"pt_PT\" \/>\n<meta property=\"og:type\" content=\"article\" \/>\n<meta property=\"og:title\" content=\"Pol\u00edtica de Privacidade - Olga Natureza\" \/>\n<meta property=\"og:description\" content=\"1. Introdu\u00e7\u00e3o e Termos Gerais O Sal\u00e3o Olga Ltda compromete-se a proteger todas as suas informa\u00e7\u00f5es e as informa\u00e7\u00f5es da sua empresa. A nossa Pol\u00edtica de [\u2026]\" \/>\n<meta property=\"og:url\" content=\"https:\/\/olganaturalistheway.com\/pt-pt\/politica-de-privacidade\/\" \/>\n<meta property=\"og:site_name\" content=\"Olga Natureza\" \/>\n<meta property=\"article:publisher\" content=\"https:\/\/www.facebook.com\/SalaoOlga\/\" \/>\n<meta property=\"article:modified_time\" content=\"2020-08-21T15:46:58+00:00\" \/>\n<meta name=\"twitter:card\" content=\"summary_large_image\" \/>\n<meta name=\"twitter:label1\" content=\"Tempo estimado de leitura\" \/>\n\t<meta name=\"twitter:data1\" content=\"10 minutos\" \/>\n<script type=\"application\/ld+json\" class=\"yoast-schema-graph\">{\"@context\":\"https:\/\/schema.org\",\"@graph\":[{\"@type\":\"WebPage\",\"@id\":\"https:\/\/olganaturalistheway.com\/pt-pt\/politica-de-privacidade\/\",\"url\":\"https:\/\/olganaturalistheway.com\/pt-pt\/politica-de-privacidade\/\",\"name\":\"Pol\u00edtica de Privacidade - Olga Natureza\",\"isPartOf\":{\"@id\":\"https:\/\/olganaturalistheway.com\/pt-pt\/#website\"},\"datePublished\":\"2020-08-14T16:27:52+00:00\",\"dateModified\":\"2020-08-21T15:46:58+00:00\",\"breadcrumb\":{\"@id\":\"https:\/\/olganaturalistheway.com\/pt-pt\/politica-de-privacidade\/#breadcrumb\"},\"inLanguage\":\"pt-PT\",\"potentialAction\":[{\"@type\":\"ReadAction\",\"target\":[\"https:\/\/olganaturalistheway.com\/pt-pt\/politica-de-privacidade\/\"]}]},{\"@type\":\"BreadcrumbList\",\"@id\":\"https:\/\/olganaturalistheway.com\/pt-pt\/politica-de-privacidade\/#breadcrumb\",\"itemListElement\":[{\"@type\":\"ListItem\",\"position\":1,\"name\":\"Home\",\"item\":\"https:\/\/olganaturalistheway.com\/pt-pt\/\"},{\"@type\":\"ListItem\",\"position\":2,\"name\":\"Pol\u00edtica de Privacidade\"}]},{\"@type\":\"WebSite\",\"@id\":\"https:\/\/olganaturalistheway.com\/pt-pt\/#website\",\"url\":\"https:\/\/olganaturalistheway.com\/pt-pt\/\",\"name\":\"Olga Natureza\",\"description\":\"At\u00e9 100%Natureza\",\"publisher\":{\"@id\":\"https:\/\/olganaturalistheway.com\/pt-pt\/#organization\"},\"potentialAction\":[{\"@type\":\"SearchAction\",\"target\":{\"@type\":\"EntryPoint\",\"urlTemplate\":\"https:\/\/olganaturalistheway.com\/pt-pt\/?s={search_term_string}\"},\"query-input\":{\"@type\":\"PropertyValueSpecification\",\"valueRequired\":true,\"valueName\":\"search_term_string\"}}],\"inLanguage\":\"pt-PT\"},{\"@type\":\"Organization\",\"@id\":\"https:\/\/olganaturalistheway.com\/pt-pt\/#organization\",\"name\":\"Olga Natureza\",\"url\":\"https:\/\/olganaturalistheway.com\/pt-pt\/\",\"logo\":{\"@type\":\"ImageObject\",\"inLanguage\":\"pt-PT\",\"@id\":\"https:\/\/olganaturalistheway.com\/pt-pt\/#\/schema\/logo\/image\/\",\"url\":\"https:\/\/olganaturalistheway.com\/wp-content\/uploads\/2020\/06\/1BFA7F99-1EDD-497E-B079-C104ABE0C82D.jpeg\",\"contentUrl\":\"https:\/\/olganaturalistheway.com\/wp-content\/uploads\/2020\/06\/1BFA7F99-1EDD-497E-B079-C104ABE0C82D.jpeg\",\"width\":2048,\"height\":2048,\"caption\":\"Olga Natureza\"},\"image\":{\"@id\":\"https:\/\/olganaturalistheway.com\/pt-pt\/#\/schema\/logo\/image\/\"},\"sameAs\":[\"https:\/\/www.facebook.com\/SalaoOlga\/\",\"https:\/\/www.instagram.com\/salonolgaltd\/\"]}]}<\/script>\n<!-- \/ Yoast SEO plugin. -->","yoast_head_json":{"title":"Pol\u00edtica de Privacidade - Olga Natureza","robots":{"index":"index","follow":"follow","max-snippet":"max-snippet:-1","max-image-preview":"max-image-preview:large","max-video-preview":"max-video-preview:-1"},"canonical":"https:\/\/olganaturalistheway.com\/pt-pt\/politica-de-privacidade\/","og_locale":"pt_PT","og_type":"article","og_title":"Pol\u00edtica de Privacidade - Olga Natureza","og_description":"1. Introdu\u00e7\u00e3o e Termos Gerais O Sal\u00e3o Olga Ltda compromete-se a proteger todas as suas informa\u00e7\u00f5es e as informa\u00e7\u00f5es da sua empresa. A nossa Pol\u00edtica de [\u2026]","og_url":"https:\/\/olganaturalistheway.com\/pt-pt\/politica-de-privacidade\/","og_site_name":"Olga Natureza","article_publisher":"https:\/\/www.facebook.com\/SalaoOlga\/","article_modified_time":"2020-08-21T15:46:58+00:00","twitter_card":"summary_large_image","twitter_misc":{"Tempo estimado de leitura":"10 minutos"},"schema":{"@context":"https:\/\/schema.org","@graph":[{"@type":"WebPage","@id":"https:\/\/olganaturalistheway.com\/pt-pt\/politica-de-privacidade\/","url":"https:\/\/olganaturalistheway.com\/pt-pt\/politica-de-privacidade\/","name":"Pol\u00edtica de Privacidade - Olga Natureza","isPartOf":{"@id":"https:\/\/olganaturalistheway.com\/pt-pt\/#website"},"datePublished":"2020-08-14T16:27:52+00:00","dateModified":"2020-08-21T15:46:58+00:00","breadcrumb":{"@id":"https:\/\/olganaturalistheway.com\/pt-pt\/politica-de-privacidade\/#breadcrumb"},"inLanguage":"pt-PT","potentialAction":[{"@type":"ReadAction","target":["https:\/\/olganaturalistheway.com\/pt-pt\/politica-de-privacidade\/"]}]},{"@type":"BreadcrumbList","@id":"https:\/\/olganaturalistheway.com\/pt-pt\/politica-de-privacidade\/#breadcrumb","itemListElement":[{"@type":"ListItem","position":1,"name":"Home","item":"https:\/\/olganaturalistheway.com\/pt-pt\/"},{"@type":"ListItem","position":2,"name":"Pol\u00edtica de Privacidade"}]},{"@type":"WebSite","@id":"https:\/\/olganaturalistheway.com\/pt-pt\/#website","url":"https:\/\/olganaturalistheway.com\/pt-pt\/","name":"Olga Natureza","description":"At\u00e9 100%Natureza","publisher":{"@id":"https:\/\/olganaturalistheway.com\/pt-pt\/#organization"},"potentialAction":[{"@type":"SearchAction","target":{"@type":"EntryPoint","urlTemplate":"https:\/\/olganaturalistheway.com\/pt-pt\/?s={search_term_string}"},"query-input":{"@type":"PropertyValueSpecification","valueRequired":true,"valueName":"search_term_string"}}],"inLanguage":"pt-PT"},{"@type":"Organization","@id":"https:\/\/olganaturalistheway.com\/pt-pt\/#organization","name":"Olga Natureza","url":"https:\/\/olganaturalistheway.com\/pt-pt\/","logo":{"@type":"ImageObject","inLanguage":"pt-PT","@id":"https:\/\/olganaturalistheway.com\/pt-pt\/#\/schema\/logo\/image\/","url":"https:\/\/olganaturalistheway.com\/wp-content\/uploads\/2020\/06\/1BFA7F99-1EDD-497E-B079-C104ABE0C82D.jpeg","contentUrl":"https:\/\/olganaturalistheway.com\/wp-content\/uploads\/2020\/06\/1BFA7F99-1EDD-497E-B079-C104ABE0C82D.jpeg","width":2048,"height":2048,"caption":"Olga Natureza"},"image":{"@id":"https:\/\/olganaturalistheway.com\/pt-pt\/#\/schema\/logo\/image\/"},"sameAs":["https:\/\/www.facebook.com\/SalaoOlga\/","https:\/\/www.instagram.com\/salonolgaltd\/"]}]}},"_links":{"self":[{"href":"https:\/\/olganaturalistheway.com\/pt-pt\/wp-json\/wp\/v2\/pages\/901","targetHints":{"allow":["GET"]}}],"collection":[{"href":"https:\/\/olganaturalistheway.com\/pt-pt\/wp-json\/wp\/v2\/pages"}],"about":[{"href":"https:\/\/olganaturalistheway.com\/pt-pt\/wp-json\/wp\/v2\/types\/page"}],"author":[{"embeddable":true,"href":"https:\/\/olganaturalistheway.com\/pt-pt\/wp-json\/wp\/v2\/users\/1"}],"replies":[{"embeddable":true,"href":"https:\/\/olganaturalistheway.com\/pt-pt\/wp-json\/wp\/v2\/comments?post=901"}],"version-history":[{"count":0,"href":"https:\/\/olganaturalistheway.com\/pt-pt\/wp-json\/wp\/v2\/pages\/901\/revisions"}],"wp:attachment":[{"href":"https:\/\/olganaturalistheway.com\/pt-pt\/wp-json\/wp\/v2\/media?parent=901"}],"curies":[{"name":"wp","href":"https:\/\/api.w.org\/{rel}","templated":true}]}}