{"id":904,"date":"2020-08-14T16:17:52","date_gmt":"2020-08-14T16:17:52","guid":{"rendered":"https:\/\/olganaturalistheway.com\/terms-conditions\/"},"modified":"2020-08-21T15:40:39","modified_gmt":"2020-08-21T15:40:39","slug":"termos-e-condicoes","status":"publish","type":"page","link":"https:\/\/olganaturalistheway.com\/pt-pt\/termos-e-condicoes\/","title":{"rendered":"Termos e Condi\u00e7\u00f5es"},"content":{"rendered":"<p><span style=\"font-weight: 400;\">Ao utilizar este website, o utilizador concorda com os nossos termos e condi\u00e7\u00f5es conforme abaixo.<\/span><\/p>\n<p><span style=\"font-weight: 400;\">Morada registada<\/span><\/p>\n<p><span style=\"font-weight: 400;\">Sal\u00e3o Olga Unisex Salon Limited<\/span><\/p>\n<p><span style=\"font-weight: 400;\">1 Burlington House, St Saviors Road<\/span><\/p>\n<p><span style=\"font-weight: 400;\">St Helier<\/span><\/p>\n<p><span style=\"font-weight: 400;\">JE2 4LA<\/span><\/p>\n<p><span style=\"font-weight: 400;\">Jersey<\/span><\/p>\n<p><span style=\"font-weight: 400;\">Registo da empresa: 27904<\/span><\/p>\n<h3>Pre\u00e7os<\/h3>\n<p><span style=\"font-weight: 400;\">Todos os pre\u00e7os apresentados no website incluem Jersey GST. Os pre\u00e7os apresentados n\u00e3o incluem taxa de envio, esta ser\u00e1 adicionada quando apropriado.<\/span><\/p>\n<h3>Descri\u00e7\u00f5es e Imagens<\/h3>\n<p><span style=\"font-weight: 400;\">Todas as descri\u00e7\u00f5es e imagens mostradas neste website s\u00e3o fornecidas da forma mais precisa poss\u00edvel.<\/span><\/p>\n<h3>Revenda<\/h3>\n<p><span style=\"font-weight: 400;\">Os produtos e servi\u00e7os no website s\u00e3o apenas para uso pessoal. N\u00e3o poder\u00e1 vender ou revender qualquer um dos produtos ou servi\u00e7os que compra ou recebe de n\u00f3s. Somente parceiros autorizados, designados pelo Sal\u00e3o Olda Ltda, podem comercializar os nossos produtos.<\/span><\/p>\n<h3>Pedidos Online<\/h3>\n<p><span style=\"font-weight: 400;\">O nosso website de com\u00e9rcio eletr\u00f3nico permite que fa\u00e7a pedidos online. Depois de enviar o seu pedido, receber\u00e1 um email de confirma\u00e7\u00e3o. O nosso objetivo \u00e9 despachar os seus produtos de forma r\u00e1pida e eficiente, tentando garantir que os receba em tempo \u00fatil, dependendo da op\u00e7\u00e3o de entrega selecionada. No entanto, durante os per\u00edodos de maior movimento, n\u00e3o podemos garantir datas de entrega.<\/span><\/p>\n<p><span style=\"font-weight: 400;\">Se n\u00e3o formos capazes de atender ao seu pedido ap\u00f3s o recebimento da mesma, entraremos em contacto por email ou telefone.<\/span><\/p>\n<p><span style=\"font-weight: 400;\">O pagamento pode ser feito via PayPal.<\/span><\/p>\n<h3>Devolu\u00e7\u00f5es e Reembolsos<\/h3>\n<p><span style=\"font-weight: 400;\">As devolu\u00e7\u00f5es e reembolsos ser\u00e3o permitidos caso o Sal\u00e3o Olga Ltda receba os produtos de volta em at\u00e9 14 dias ap\u00f3s o envio ao cliente.<\/span><\/p>\n<p><span style=\"font-weight: 400;\">Os itens devem ser devolvidos nas mesmas condi\u00e7\u00f5es que foram recebidos. Caso os itens sejam devolvidos danificados ou em condi\u00e7\u00f5es impr\u00f3prias para revenda, o Sal\u00e3o Olga Ltda reserva-se ao direito de reter o valor do reembolso.<\/span><\/p>\n<p><span style=\"font-weight: 400;\">Todas as devolu\u00e7\u00f5es devem incluir uma nota com uma explica\u00e7\u00e3o com o motivo da devolu\u00e7\u00e3o, nome completo, morada, n\u00famero de telefone e n\u00famero de encomenda da compra original. Os clientes ser\u00e3o obrigados a pagar pelo envio da encomenda e, \u00e9 recomend\u00e1vel que guardem que guardem o comprovativo de envio para futura necessidade de reembolso.<\/span><\/p>\n<p><span style=\"font-weight: 400;\">Qualquer reembolso ser\u00e1 feito apenas para o mesmo m\u00e9todo usado originalmente, cart\u00e3o de cr\u00e9dito ou d\u00e9bito (ou na forma de outro m\u00e9todo de pagamento). Qualquer reembolso ser\u00e1 processados num m\u00e1ximo de 14 dias ap\u00f3s a rece\u00e7\u00e3o dos produtos.<\/span><\/p>\n<h3>Outras devolu\u00e7\u00f5es<\/h3>\n<p><span style=\"font-weight: 400;\">Se os produtos estiverem com defeito, danificados no transporte os descritos incorretamente, devolva-nos os produtos, o mais rapidamente poss\u00edvel.<\/span><\/p>\n<p><span style=\"font-weight: 400;\">Todas as devolu\u00e7\u00f5es devem incluir uma nota com uma explica\u00e7\u00e3o com o motivo da devolu\u00e7\u00e3o, nome completo, morada, n\u00famero de telefone e n\u00famero da encomenda original. Os clientes ser\u00e3o obrigados a pagar pelo envio da encomenda mas, este ser\u00e1 devolvido junto com o valor do pedido para quaisquer produtos com defeito, danificados ou descritos incorretamente, Por favor, guarde o comprovativo do envio.<\/span><\/p>\n<p><span style=\"font-weight: 400;\">Iremos examinar os produtos devolvidos e notific\u00e1-lo do seu reembolso por email. Processaremos o reembolso no prazo de 14 dias a partir do dia em que confirmamos, por email, do direito a receber o reembolso pelo produto com defeito, danificado ou descrito incorretamente.<\/span><\/p>\n<p><span style=\"font-weight: 400;\">Os produtos devolvidos devido a uma falha, dano no transporte ou descri\u00e7\u00e3o incorreta ser\u00e3o reembolsados na \u00edntegra, incluindo o reembolso das despesas de envio.<\/span><\/p>\n<h3>Responsabilidade<\/h3>\n<p><span style=\"font-weight: 400;\">O website \u00e9 apresentado para o seu acesso e leitura. N\u00e3o seremos respons\u00e1veis por quaisquer danos, atrasos, eventos ou incidentes fora do nosso controlo.\u00a0<\/span><\/p>\n<h3>Reclama\u00e7\u00f5es<\/h3>\n<p><span style=\"font-weight: 400;\">Se desejar esclarecer qualquer d\u00favida, envie um email para <\/span><a href=\"mailto:salonolgaltd@outlook.com\"><span style=\"font-weight: 400;\">salonolgaltd@outlook.com<\/span><\/a><span style=\"font-weight: 400;\"> ou escreva para Sal\u00e3o olga ltd, 1 Burlington House, St Savior Road, St Helier, JE2 4LA.<\/span><\/p>\n<h3>Informa\u00e7\u00e3o Geral<\/h3>\n<p><span style=\"font-weight: 400;\">O utilizador reconhece que estes Termos e Condi\u00e7\u00f5es constituem o acordo completo e exclusivo entre as duas partes em rela\u00e7\u00e3o ao uso do website, e substituem e regem todas as propostas, acordos ou outras comunica\u00e7\u00f5es anteriores. Reservamo-nos ao direito, a nosso exclusivo crit\u00e9rios, de alterar estes Termos e Condi\u00e7\u00f5es a qualquer momento, publicando as altera\u00e7\u00f5es no website. Quaisquer altera\u00e7\u00f5es entram em vigor imediatamente ap\u00f3s a publica\u00e7\u00e3o no website.<\/span><\/p>\n","protected":false},"excerpt":{"rendered":"<p>Ao utilizar este website, o utilizador concorda com os nossos termos e condi\u00e7\u00f5es conforme abaixo. Morada registada Sal\u00e3o Olga Unisex Salon Limited 1 Burlington House, St<span class=\"excerpt-hellip\"> [\u2026]<\/span><\/p>\n","protected":false},"author":1,"featured_media":0,"parent":0,"menu_order":0,"comment_status":"closed","ping_status":"closed","template":"","meta":{"footnotes":""},"class_list":["post-904","page","type-page","status-publish","hentry"],"yoast_head":"<!-- This site is optimized with the Yoast SEO plugin v25.5 - https:\/\/yoast.com\/wordpress\/plugins\/seo\/ -->\n<title>Termos e Condi\u00e7\u00f5es - Olga Natureza<\/title>\n<meta name=\"robots\" content=\"index, follow, max-snippet:-1, max-image-preview:large, max-video-preview:-1\" \/>\n<link rel=\"canonical\" href=\"https:\/\/olganaturalistheway.com\/pt-pt\/termos-e-condicoes\/\" \/>\n<meta property=\"og:locale\" content=\"pt_PT\" \/>\n<meta property=\"og:type\" content=\"article\" \/>\n<meta property=\"og:title\" content=\"Termos e Condi\u00e7\u00f5es - Olga Natureza\" \/>\n<meta property=\"og:description\" content=\"Ao utilizar este website, o utilizador concorda com os nossos termos e condi\u00e7\u00f5es conforme abaixo. Morada registada Sal\u00e3o Olga Unisex Salon Limited 1 Burlington House, St [\u2026]\" \/>\n<meta property=\"og:url\" content=\"https:\/\/olganaturalistheway.com\/pt-pt\/termos-e-condicoes\/\" \/>\n<meta property=\"og:site_name\" content=\"Olga Natureza\" \/>\n<meta property=\"article:publisher\" content=\"https:\/\/www.facebook.com\/SalaoOlga\/\" \/>\n<meta property=\"article:modified_time\" content=\"2020-08-21T15:40:39+00:00\" \/>\n<meta name=\"twitter:card\" content=\"summary_large_image\" \/>\n<meta name=\"twitter:label1\" content=\"Tempo estimado de leitura\" \/>\n\t<meta name=\"twitter:data1\" content=\"4 minutos\" \/>\n<script type=\"application\/ld+json\" class=\"yoast-schema-graph\">{\"@context\":\"https:\/\/schema.org\",\"@graph\":[{\"@type\":\"WebPage\",\"@id\":\"https:\/\/olganaturalistheway.com\/pt-pt\/termos-e-condicoes\/\",\"url\":\"https:\/\/olganaturalistheway.com\/pt-pt\/termos-e-condicoes\/\",\"name\":\"Termos e Condi\u00e7\u00f5es - Olga Natureza\",\"isPartOf\":{\"@id\":\"https:\/\/olganaturalistheway.com\/pt-pt\/#website\"},\"datePublished\":\"2020-08-14T16:17:52+00:00\",\"dateModified\":\"2020-08-21T15:40:39+00:00\",\"breadcrumb\":{\"@id\":\"https:\/\/olganaturalistheway.com\/pt-pt\/termos-e-condicoes\/#breadcrumb\"},\"inLanguage\":\"pt-PT\",\"potentialAction\":[{\"@type\":\"ReadAction\",\"target\":[\"https:\/\/olganaturalistheway.com\/pt-pt\/termos-e-condicoes\/\"]}]},{\"@type\":\"BreadcrumbList\",\"@id\":\"https:\/\/olganaturalistheway.com\/pt-pt\/termos-e-condicoes\/#breadcrumb\",\"itemListElement\":[{\"@type\":\"ListItem\",\"position\":1,\"name\":\"Home\",\"item\":\"https:\/\/olganaturalistheway.com\/pt-pt\/\"},{\"@type\":\"ListItem\",\"position\":2,\"name\":\"Termos e Condi\u00e7\u00f5es\"}]},{\"@type\":\"WebSite\",\"@id\":\"https:\/\/olganaturalistheway.com\/pt-pt\/#website\",\"url\":\"https:\/\/olganaturalistheway.com\/pt-pt\/\",\"name\":\"Olga Natureza\",\"description\":\"At\u00e9 100%Natureza\",\"publisher\":{\"@id\":\"https:\/\/olganaturalistheway.com\/pt-pt\/#organization\"},\"potentialAction\":[{\"@type\":\"SearchAction\",\"target\":{\"@type\":\"EntryPoint\",\"urlTemplate\":\"https:\/\/olganaturalistheway.com\/pt-pt\/?s={search_term_string}\"},\"query-input\":{\"@type\":\"PropertyValueSpecification\",\"valueRequired\":true,\"valueName\":\"search_term_string\"}}],\"inLanguage\":\"pt-PT\"},{\"@type\":\"Organization\",\"@id\":\"https:\/\/olganaturalistheway.com\/pt-pt\/#organization\",\"name\":\"Olga Natureza\",\"url\":\"https:\/\/olganaturalistheway.com\/pt-pt\/\",\"logo\":{\"@type\":\"ImageObject\",\"inLanguage\":\"pt-PT\",\"@id\":\"https:\/\/olganaturalistheway.com\/pt-pt\/#\/schema\/logo\/image\/\",\"url\":\"https:\/\/olganaturalistheway.com\/wp-content\/uploads\/2020\/06\/1BFA7F99-1EDD-497E-B079-C104ABE0C82D.jpeg\",\"contentUrl\":\"https:\/\/olganaturalistheway.com\/wp-content\/uploads\/2020\/06\/1BFA7F99-1EDD-497E-B079-C104ABE0C82D.jpeg\",\"width\":2048,\"height\":2048,\"caption\":\"Olga Natureza\"},\"image\":{\"@id\":\"https:\/\/olganaturalistheway.com\/pt-pt\/#\/schema\/logo\/image\/\"},\"sameAs\":[\"https:\/\/www.facebook.com\/SalaoOlga\/\",\"https:\/\/www.instagram.com\/salonolgaltd\/\"]}]}<\/script>\n<!-- \/ Yoast SEO plugin. -->","yoast_head_json":{"title":"Termos e Condi\u00e7\u00f5es - Olga Natureza","robots":{"index":"index","follow":"follow","max-snippet":"max-snippet:-1","max-image-preview":"max-image-preview:large","max-video-preview":"max-video-preview:-1"},"canonical":"https:\/\/olganaturalistheway.com\/pt-pt\/termos-e-condicoes\/","og_locale":"pt_PT","og_type":"article","og_title":"Termos e Condi\u00e7\u00f5es - Olga Natureza","og_description":"Ao utilizar este website, o utilizador concorda com os nossos termos e condi\u00e7\u00f5es conforme abaixo. Morada registada Sal\u00e3o Olga Unisex Salon Limited 1 Burlington House, St [\u2026]","og_url":"https:\/\/olganaturalistheway.com\/pt-pt\/termos-e-condicoes\/","og_site_name":"Olga Natureza","article_publisher":"https:\/\/www.facebook.com\/SalaoOlga\/","article_modified_time":"2020-08-21T15:40:39+00:00","twitter_card":"summary_large_image","twitter_misc":{"Tempo estimado de leitura":"4 minutos"},"schema":{"@context":"https:\/\/schema.org","@graph":[{"@type":"WebPage","@id":"https:\/\/olganaturalistheway.com\/pt-pt\/termos-e-condicoes\/","url":"https:\/\/olganaturalistheway.com\/pt-pt\/termos-e-condicoes\/","name":"Termos e Condi\u00e7\u00f5es - Olga Natureza","isPartOf":{"@id":"https:\/\/olganaturalistheway.com\/pt-pt\/#website"},"datePublished":"2020-08-14T16:17:52+00:00","dateModified":"2020-08-21T15:40:39+00:00","breadcrumb":{"@id":"https:\/\/olganaturalistheway.com\/pt-pt\/termos-e-condicoes\/#breadcrumb"},"inLanguage":"pt-PT","potentialAction":[{"@type":"ReadAction","target":["https:\/\/olganaturalistheway.com\/pt-pt\/termos-e-condicoes\/"]}]},{"@type":"BreadcrumbList","@id":"https:\/\/olganaturalistheway.com\/pt-pt\/termos-e-condicoes\/#breadcrumb","itemListElement":[{"@type":"ListItem","position":1,"name":"Home","item":"https:\/\/olganaturalistheway.com\/pt-pt\/"},{"@type":"ListItem","position":2,"name":"Termos e Condi\u00e7\u00f5es"}]},{"@type":"WebSite","@id":"https:\/\/olganaturalistheway.com\/pt-pt\/#website","url":"https:\/\/olganaturalistheway.com\/pt-pt\/","name":"Olga Natureza","description":"At\u00e9 100%Natureza","publisher":{"@id":"https:\/\/olganaturalistheway.com\/pt-pt\/#organization"},"potentialAction":[{"@type":"SearchAction","target":{"@type":"EntryPoint","urlTemplate":"https:\/\/olganaturalistheway.com\/pt-pt\/?s={search_term_string}"},"query-input":{"@type":"PropertyValueSpecification","valueRequired":true,"valueName":"search_term_string"}}],"inLanguage":"pt-PT"},{"@type":"Organization","@id":"https:\/\/olganaturalistheway.com\/pt-pt\/#organization","name":"Olga Natureza","url":"https:\/\/olganaturalistheway.com\/pt-pt\/","logo":{"@type":"ImageObject","inLanguage":"pt-PT","@id":"https:\/\/olganaturalistheway.com\/pt-pt\/#\/schema\/logo\/image\/","url":"https:\/\/olganaturalistheway.com\/wp-content\/uploads\/2020\/06\/1BFA7F99-1EDD-497E-B079-C104ABE0C82D.jpeg","contentUrl":"https:\/\/olganaturalistheway.com\/wp-content\/uploads\/2020\/06\/1BFA7F99-1EDD-497E-B079-C104ABE0C82D.jpeg","width":2048,"height":2048,"caption":"Olga Natureza"},"image":{"@id":"https:\/\/olganaturalistheway.com\/pt-pt\/#\/schema\/logo\/image\/"},"sameAs":["https:\/\/www.facebook.com\/SalaoOlga\/","https:\/\/www.instagram.com\/salonolgaltd\/"]}]}},"_links":{"self":[{"href":"https:\/\/olganaturalistheway.com\/pt-pt\/wp-json\/wp\/v2\/pages\/904","targetHints":{"allow":["GET"]}}],"collection":[{"href":"https:\/\/olganaturalistheway.com\/pt-pt\/wp-json\/wp\/v2\/pages"}],"about":[{"href":"https:\/\/olganaturalistheway.com\/pt-pt\/wp-json\/wp\/v2\/types\/page"}],"author":[{"embeddable":true,"href":"https:\/\/olganaturalistheway.com\/pt-pt\/wp-json\/wp\/v2\/users\/1"}],"replies":[{"embeddable":true,"href":"https:\/\/olganaturalistheway.com\/pt-pt\/wp-json\/wp\/v2\/comments?post=904"}],"version-history":[{"count":0,"href":"https:\/\/olganaturalistheway.com\/pt-pt\/wp-json\/wp\/v2\/pages\/904\/revisions"}],"wp:attachment":[{"href":"https:\/\/olganaturalistheway.com\/pt-pt\/wp-json\/wp\/v2\/media?parent=904"}],"curies":[{"name":"wp","href":"https:\/\/api.w.org\/{rel}","templated":true}]}}