{"id":1941,"date":"2025-10-24T09:58:36","date_gmt":"2025-10-24T09:58:36","guid":{"rendered":"https:\/\/olganaturalistheway.com\/?post_type=product&#038;p=1941"},"modified":"2025-10-24T10:01:32","modified_gmt":"2025-10-24T10:01:32","slug":"fragrancia-para-casa","status":"publish","type":"product","link":"https:\/\/olganaturalistheway.com\/pt-pt\/produto\/fragrancia-para-casa\/","title":{"rendered":"Fragr\u00e3ncia para casa"},"content":{"rendered":"<div id=\"attachment_1858\" style=\"width: 210px\" class=\"wp-caption alignnone\"><img decoding=\"async\" aria-describedby=\"caption-attachment-1858\" class=\"size-medium wp-image-1858\" src=\"https:\/\/olganaturalistheway.com\/wp-content\/uploads\/2025\/10\/0C0B1AE3-6EDD-4C38-B0F5-E59EEDC31A47-200x300.png\" alt=\"\" width=\"200\" height=\"300\" srcset=\"https:\/\/olganaturalistheway.com\/wp-content\/uploads\/2025\/10\/0C0B1AE3-6EDD-4C38-B0F5-E59EEDC31A47-200x300.png 200w, https:\/\/olganaturalistheway.com\/wp-content\/uploads\/2025\/10\/0C0B1AE3-6EDD-4C38-B0F5-E59EEDC31A47.png 1024w\" sizes=\"(max-width: 200px) 100vw, 200px\" \/><p id=\"caption-attachment-1858\" class=\"wp-caption-text\">Spray de casa.<\/p><\/div>\n<p class=\"p1\"><span class=\"s1\">Preencha a sua casa com paz e conforto natural. Esta fragr\u00e2ncia delicada, com <\/span><span class=\"s2\">lavanda, ol\u00edbano, camomila e madeira de cedro<\/span><span class=\"s1\">, traz calma e equil\u00edbrio a qualquer espa\u00e7o. Algumas borrifadas criam uma atmosfera relaxante que acalma a mente, eleva o esp\u00edrito e envolve o seu lar com um aroma fresco, acolhedor e sereno \u2014 perfeito para momentos de harmonia em fam\u00edlia.<\/span><\/p>\n<p>10ml<\/p>\n","protected":false},"excerpt":{"rendered":"<p>Preencha a sua casa com paz e conforto natural. Esta fragr\u00e2ncia delicada, com lavanda, ol\u00edbano, camomila e madeira de cedro, traz calma e equil\u00edbrio a qualquer<span class=\"excerpt-hellip\"> [\u2026]<\/span><\/p>\n","protected":false},"featured_media":1860,"comment_status":"closed","ping_status":"closed","template":"","meta":[],"product_brand":[],"product_cat":[24],"product_tag":[],"class_list":{"0":"post-1941","1":"product","2":"type-product","3":"status-publish","4":"has-post-thumbnail","6":"product_cat-linha-para-casa","8":"first","9":"instock","10":"shipping-taxable","11":"purchasable","12":"product-type-simple"},"yoast_head":"<!-- This site is optimized with the Yoast SEO plugin v25.5 - https:\/\/yoast.com\/wordpress\/plugins\/seo\/ -->\n<title>Fragr\u00e3ncia para casa - Olga Natureza<\/title>\n<meta name=\"robots\" content=\"index, follow, max-snippet:-1, max-image-preview:large, max-video-preview:-1\" \/>\n<link rel=\"canonical\" href=\"https:\/\/olganaturalistheway.com\/pt-pt\/produto\/fragrancia-para-casa\/\" \/>\n<meta property=\"og:locale\" content=\"pt_PT\" \/>\n<meta property=\"og:type\" content=\"article\" \/>\n<meta property=\"og:title\" content=\"Fragr\u00e3ncia para casa - Olga Natureza\" \/>\n<meta property=\"og:description\" content=\"Preencha a sua casa com paz e conforto natural. Esta fragr\u00e2ncia delicada, com lavanda, ol\u00edbano, camomila e madeira de cedro, traz calma e equil\u00edbrio a qualquer [\u2026]\" \/>\n<meta property=\"og:url\" content=\"https:\/\/olganaturalistheway.com\/pt-pt\/produto\/fragrancia-para-casa\/\" \/>\n<meta property=\"og:site_name\" content=\"Olga Natureza\" \/>\n<meta property=\"article:publisher\" content=\"https:\/\/www.facebook.com\/SalaoOlga\/\" \/>\n<meta property=\"article:modified_time\" content=\"2025-10-24T10:01:32+00:00\" \/>\n<meta property=\"og:image\" content=\"https:\/\/olganaturalistheway.com\/wp-content\/uploads\/2025\/10\/0C0B1AE3-6EDD-4C38-B0F5-E59EEDC31A47-1.png\" \/>\n\t<meta property=\"og:image:width\" content=\"1024\" \/>\n\t<meta property=\"og:image:height\" content=\"1536\" \/>\n\t<meta property=\"og:image:type\" content=\"image\/png\" \/>\n<meta name=\"twitter:card\" content=\"summary_large_image\" \/>\n<meta name=\"twitter:label1\" content=\"Tempo estimado de leitura\" \/>\n\t<meta name=\"twitter:data1\" content=\"1 minuto\" \/>\n<script type=\"application\/ld+json\" class=\"yoast-schema-graph\">{\"@context\":\"https:\/\/schema.org\",\"@graph\":[{\"@type\":\"WebPage\",\"@id\":\"https:\/\/olganaturalistheway.com\/pt-pt\/produto\/fragrancia-para-casa\/\",\"url\":\"https:\/\/olganaturalistheway.com\/pt-pt\/produto\/fragrancia-para-casa\/\",\"name\":\"Fragr\u00e3ncia para casa - Olga Natureza\",\"isPartOf\":{\"@id\":\"https:\/\/olganaturalistheway.com\/pt-pt\/#website\"},\"primaryImageOfPage\":{\"@id\":\"https:\/\/olganaturalistheway.com\/pt-pt\/produto\/fragrancia-para-casa\/#primaryimage\"},\"image\":{\"@id\":\"https:\/\/olganaturalistheway.com\/pt-pt\/produto\/fragrancia-para-casa\/#primaryimage\"},\"thumbnailUrl\":\"https:\/\/olganaturalistheway.com\/wp-content\/uploads\/2025\/10\/0C0B1AE3-6EDD-4C38-B0F5-E59EEDC31A47-1.png\",\"datePublished\":\"2025-10-24T09:58:36+00:00\",\"dateModified\":\"2025-10-24T10:01:32+00:00\",\"breadcrumb\":{\"@id\":\"https:\/\/olganaturalistheway.com\/pt-pt\/produto\/fragrancia-para-casa\/#breadcrumb\"},\"inLanguage\":\"pt-PT\",\"potentialAction\":[{\"@type\":\"ReadAction\",\"target\":[\"https:\/\/olganaturalistheway.com\/pt-pt\/produto\/fragrancia-para-casa\/\"]}]},{\"@type\":\"ImageObject\",\"inLanguage\":\"pt-PT\",\"@id\":\"https:\/\/olganaturalistheway.com\/pt-pt\/produto\/fragrancia-para-casa\/#primaryimage\",\"url\":\"https:\/\/olganaturalistheway.com\/wp-content\/uploads\/2025\/10\/0C0B1AE3-6EDD-4C38-B0F5-E59EEDC31A47-1.png\",\"contentUrl\":\"https:\/\/olganaturalistheway.com\/wp-content\/uploads\/2025\/10\/0C0B1AE3-6EDD-4C38-B0F5-E59EEDC31A47-1.png\",\"width\":1024,\"height\":1536,\"caption\":\"Spray de casa\"},{\"@type\":\"BreadcrumbList\",\"@id\":\"https:\/\/olganaturalistheway.com\/pt-pt\/produto\/fragrancia-para-casa\/#breadcrumb\",\"itemListElement\":[{\"@type\":\"ListItem\",\"position\":1,\"name\":\"Home\",\"item\":\"https:\/\/olganaturalistheway.com\/pt-pt\/\"},{\"@type\":\"ListItem\",\"position\":2,\"name\":\"Loja\",\"item\":\"https:\/\/olganaturalistheway.com\/pt-pt\/loja\/\"},{\"@type\":\"ListItem\",\"position\":3,\"name\":\"Fragr\u00e3ncia para casa\"}]},{\"@type\":\"WebSite\",\"@id\":\"https:\/\/olganaturalistheway.com\/pt-pt\/#website\",\"url\":\"https:\/\/olganaturalistheway.com\/pt-pt\/\",\"name\":\"Olga Natureza\",\"description\":\"At\u00e9 100%Natureza\",\"publisher\":{\"@id\":\"https:\/\/olganaturalistheway.com\/pt-pt\/#organization\"},\"potentialAction\":[{\"@type\":\"SearchAction\",\"target\":{\"@type\":\"EntryPoint\",\"urlTemplate\":\"https:\/\/olganaturalistheway.com\/pt-pt\/?s={search_term_string}\"},\"query-input\":{\"@type\":\"PropertyValueSpecification\",\"valueRequired\":true,\"valueName\":\"search_term_string\"}}],\"inLanguage\":\"pt-PT\"},{\"@type\":\"Organization\",\"@id\":\"https:\/\/olganaturalistheway.com\/pt-pt\/#organization\",\"name\":\"Olga Natureza\",\"url\":\"https:\/\/olganaturalistheway.com\/pt-pt\/\",\"logo\":{\"@type\":\"ImageObject\",\"inLanguage\":\"pt-PT\",\"@id\":\"https:\/\/olganaturalistheway.com\/pt-pt\/#\/schema\/logo\/image\/\",\"url\":\"https:\/\/olganaturalistheway.com\/wp-content\/uploads\/2020\/06\/1BFA7F99-1EDD-497E-B079-C104ABE0C82D.jpeg\",\"contentUrl\":\"https:\/\/olganaturalistheway.com\/wp-content\/uploads\/2020\/06\/1BFA7F99-1EDD-497E-B079-C104ABE0C82D.jpeg\",\"width\":2048,\"height\":2048,\"caption\":\"Olga Natureza\"},\"image\":{\"@id\":\"https:\/\/olganaturalistheway.com\/pt-pt\/#\/schema\/logo\/image\/\"},\"sameAs\":[\"https:\/\/www.facebook.com\/SalaoOlga\/\",\"https:\/\/www.instagram.com\/salonolgaltd\/\"]}]}<\/script>\n<!-- \/ Yoast SEO plugin. -->","yoast_head_json":{"title":"Fragr\u00e3ncia para casa - Olga Natureza","robots":{"index":"index","follow":"follow","max-snippet":"max-snippet:-1","max-image-preview":"max-image-preview:large","max-video-preview":"max-video-preview:-1"},"canonical":"https:\/\/olganaturalistheway.com\/pt-pt\/produto\/fragrancia-para-casa\/","og_locale":"pt_PT","og_type":"article","og_title":"Fragr\u00e3ncia para casa - Olga Natureza","og_description":"Preencha a sua casa com paz e conforto natural. Esta fragr\u00e2ncia delicada, com lavanda, ol\u00edbano, camomila e madeira de cedro, traz calma e equil\u00edbrio a qualquer [\u2026]","og_url":"https:\/\/olganaturalistheway.com\/pt-pt\/produto\/fragrancia-para-casa\/","og_site_name":"Olga Natureza","article_publisher":"https:\/\/www.facebook.com\/SalaoOlga\/","article_modified_time":"2025-10-24T10:01:32+00:00","og_image":[{"width":1024,"height":1536,"url":"https:\/\/olganaturalistheway.com\/wp-content\/uploads\/2025\/10\/0C0B1AE3-6EDD-4C38-B0F5-E59EEDC31A47-1.png","type":"image\/png"}],"twitter_card":"summary_large_image","twitter_misc":{"Tempo estimado de leitura":"1 minuto"},"schema":{"@context":"https:\/\/schema.org","@graph":[{"@type":"WebPage","@id":"https:\/\/olganaturalistheway.com\/pt-pt\/produto\/fragrancia-para-casa\/","url":"https:\/\/olganaturalistheway.com\/pt-pt\/produto\/fragrancia-para-casa\/","name":"Fragr\u00e3ncia para casa - Olga Natureza","isPartOf":{"@id":"https:\/\/olganaturalistheway.com\/pt-pt\/#website"},"primaryImageOfPage":{"@id":"https:\/\/olganaturalistheway.com\/pt-pt\/produto\/fragrancia-para-casa\/#primaryimage"},"image":{"@id":"https:\/\/olganaturalistheway.com\/pt-pt\/produto\/fragrancia-para-casa\/#primaryimage"},"thumbnailUrl":"https:\/\/olganaturalistheway.com\/wp-content\/uploads\/2025\/10\/0C0B1AE3-6EDD-4C38-B0F5-E59EEDC31A47-1.png","datePublished":"2025-10-24T09:58:36+00:00","dateModified":"2025-10-24T10:01:32+00:00","breadcrumb":{"@id":"https:\/\/olganaturalistheway.com\/pt-pt\/produto\/fragrancia-para-casa\/#breadcrumb"},"inLanguage":"pt-PT","potentialAction":[{"@type":"ReadAction","target":["https:\/\/olganaturalistheway.com\/pt-pt\/produto\/fragrancia-para-casa\/"]}]},{"@type":"ImageObject","inLanguage":"pt-PT","@id":"https:\/\/olganaturalistheway.com\/pt-pt\/produto\/fragrancia-para-casa\/#primaryimage","url":"https:\/\/olganaturalistheway.com\/wp-content\/uploads\/2025\/10\/0C0B1AE3-6EDD-4C38-B0F5-E59EEDC31A47-1.png","contentUrl":"https:\/\/olganaturalistheway.com\/wp-content\/uploads\/2025\/10\/0C0B1AE3-6EDD-4C38-B0F5-E59EEDC31A47-1.png","width":1024,"height":1536,"caption":"Spray de casa"},{"@type":"BreadcrumbList","@id":"https:\/\/olganaturalistheway.com\/pt-pt\/produto\/fragrancia-para-casa\/#breadcrumb","itemListElement":[{"@type":"ListItem","position":1,"name":"Home","item":"https:\/\/olganaturalistheway.com\/pt-pt\/"},{"@type":"ListItem","position":2,"name":"Loja","item":"https:\/\/olganaturalistheway.com\/pt-pt\/loja\/"},{"@type":"ListItem","position":3,"name":"Fragr\u00e3ncia para casa"}]},{"@type":"WebSite","@id":"https:\/\/olganaturalistheway.com\/pt-pt\/#website","url":"https:\/\/olganaturalistheway.com\/pt-pt\/","name":"Olga Natureza","description":"At\u00e9 100%Natureza","publisher":{"@id":"https:\/\/olganaturalistheway.com\/pt-pt\/#organization"},"potentialAction":[{"@type":"SearchAction","target":{"@type":"EntryPoint","urlTemplate":"https:\/\/olganaturalistheway.com\/pt-pt\/?s={search_term_string}"},"query-input":{"@type":"PropertyValueSpecification","valueRequired":true,"valueName":"search_term_string"}}],"inLanguage":"pt-PT"},{"@type":"Organization","@id":"https:\/\/olganaturalistheway.com\/pt-pt\/#organization","name":"Olga Natureza","url":"https:\/\/olganaturalistheway.com\/pt-pt\/","logo":{"@type":"ImageObject","inLanguage":"pt-PT","@id":"https:\/\/olganaturalistheway.com\/pt-pt\/#\/schema\/logo\/image\/","url":"https:\/\/olganaturalistheway.com\/wp-content\/uploads\/2020\/06\/1BFA7F99-1EDD-497E-B079-C104ABE0C82D.jpeg","contentUrl":"https:\/\/olganaturalistheway.com\/wp-content\/uploads\/2020\/06\/1BFA7F99-1EDD-497E-B079-C104ABE0C82D.jpeg","width":2048,"height":2048,"caption":"Olga Natureza"},"image":{"@id":"https:\/\/olganaturalistheway.com\/pt-pt\/#\/schema\/logo\/image\/"},"sameAs":["https:\/\/www.facebook.com\/SalaoOlga\/","https:\/\/www.instagram.com\/salonolgaltd\/"]}]}},"_links":{"self":[{"href":"https:\/\/olganaturalistheway.com\/pt-pt\/wp-json\/wp\/v2\/product\/1941","targetHints":{"allow":["GET"]}}],"collection":[{"href":"https:\/\/olganaturalistheway.com\/pt-pt\/wp-json\/wp\/v2\/product"}],"about":[{"href":"https:\/\/olganaturalistheway.com\/pt-pt\/wp-json\/wp\/v2\/types\/product"}],"replies":[{"embeddable":true,"href":"https:\/\/olganaturalistheway.com\/pt-pt\/wp-json\/wp\/v2\/comments?post=1941"}],"wp:featuredmedia":[{"embeddable":true,"href":"https:\/\/olganaturalistheway.com\/pt-pt\/wp-json\/wp\/v2\/media\/1860"}],"wp:attachment":[{"href":"https:\/\/olganaturalistheway.com\/pt-pt\/wp-json\/wp\/v2\/media?parent=1941"}],"wp:term":[{"taxonomy":"product_brand","embeddable":true,"href":"https:\/\/olganaturalistheway.com\/pt-pt\/wp-json\/wp\/v2\/product_brand?post=1941"},{"taxonomy":"product_cat","embeddable":true,"href":"https:\/\/olganaturalistheway.com\/pt-pt\/wp-json\/wp\/v2\/product_cat?post=1941"},{"taxonomy":"product_tag","embeddable":true,"href":"https:\/\/olganaturalistheway.com\/pt-pt\/wp-json\/wp\/v2\/product_tag?post=1941"}],"curies":[{"name":"wp","href":"https:\/\/api.w.org\/{rel}","templated":true}]}}