{"id":360,"date":"2020-06-01T11:13:08","date_gmt":"2020-06-01T11:13:08","guid":{"rendered":"https:\/\/olganaturalistheway.com\/?post_type=product&#038;p=360"},"modified":"2025-10-23T12:43:47","modified_gmt":"2025-10-23T12:43:47","slug":"exfoliante-do-rosto-2","status":"publish","type":"product","link":"https:\/\/olganaturalistheway.com\/pt-pt\/produto\/exfoliante-do-rosto-2\/","title":{"rendered":"Exfoliante do Rosto"},"content":{"rendered":"<p>&nbsp;<\/p>\n<p><img decoding=\"async\" class=\"alignnone size-medium wp-image-1846\" src=\"https:\/\/olganaturalistheway.com\/wp-content\/uploads\/2025\/10\/F29A2FFC-9E89-46D2-9734-FC4C73BB513C-300x300.png\" alt=\"\" width=\"300\" height=\"300\" srcset=\"https:\/\/olganaturalistheway.com\/wp-content\/uploads\/2025\/10\/F29A2FFC-9E89-46D2-9734-FC4C73BB513C-300x300.png 300w, https:\/\/olganaturalistheway.com\/wp-content\/uploads\/2025\/10\/F29A2FFC-9E89-46D2-9734-FC4C73BB513C-150x150.png 150w, https:\/\/olganaturalistheway.com\/wp-content\/uploads\/2025\/10\/F29A2FFC-9E89-46D2-9734-FC4C73BB513C.png 1024w\" sizes=\"(max-width: 300px) 100vw, 300px\" \/><\/p>\n<p>Feito com am\u00eandoas mo\u00eddas e caro\u00e7o de azeitona, desenhado para hidratar e equilibrar cada tipo de pele incluindo a que sofre de acne.<\/p>\n<p><strong>50ml<\/strong><br \/>\nEntrega: 15\/20 dias<\/p>\n","protected":false},"excerpt":{"rendered":"<p>&nbsp; Feito com am\u00eandoas mo\u00eddas e caro\u00e7o de azeitona, desenhado para hidratar e equilibrar cada tipo de pele incluindo a que sofre de acne. 50ml Entrega:<span class=\"excerpt-hellip\"> [\u2026]<\/span><\/p>\n","protected":false},"featured_media":1846,"comment_status":"open","ping_status":"closed","template":"","meta":[],"product_brand":[],"product_cat":[18],"product_tag":[],"class_list":{"0":"post-360","1":"product","2":"type-product","3":"status-publish","4":"has-post-thumbnail","6":"product_cat-linha-para-o-rosto","8":"first","9":"instock","10":"shipping-taxable","11":"purchasable","12":"product-type-simple"},"yoast_head":"<!-- This site is optimized with the Yoast SEO plugin v25.5 - https:\/\/yoast.com\/wordpress\/plugins\/seo\/ -->\n<title>Exfoliante do Rosto - Olga Natureza<\/title>\n<meta name=\"robots\" content=\"index, follow, max-snippet:-1, max-image-preview:large, max-video-preview:-1\" \/>\n<link rel=\"canonical\" href=\"https:\/\/olganaturalistheway.com\/pt-pt\/produto\/exfoliante-do-rosto-2\/\" \/>\n<meta property=\"og:locale\" content=\"pt_PT\" \/>\n<meta property=\"og:type\" content=\"article\" \/>\n<meta property=\"og:title\" content=\"Exfoliante do Rosto - Olga Natureza\" \/>\n<meta property=\"og:description\" content=\"&nbsp; Feito com am\u00eandoas mo\u00eddas e caro\u00e7o de azeitona, desenhado para hidratar e equilibrar cada tipo de pele incluindo a que sofre de acne. 50ml Entrega: [\u2026]\" \/>\n<meta property=\"og:url\" content=\"https:\/\/olganaturalistheway.com\/pt-pt\/produto\/exfoliante-do-rosto-2\/\" \/>\n<meta property=\"og:site_name\" content=\"Olga Natureza\" \/>\n<meta property=\"article:publisher\" content=\"https:\/\/www.facebook.com\/SalaoOlga\/\" \/>\n<meta property=\"article:modified_time\" content=\"2025-10-23T12:43:47+00:00\" \/>\n<meta property=\"og:image\" content=\"https:\/\/olganaturalistheway.com\/wp-content\/uploads\/2025\/10\/F29A2FFC-9E89-46D2-9734-FC4C73BB513C.png\" \/>\n\t<meta property=\"og:image:width\" content=\"1024\" \/>\n\t<meta property=\"og:image:height\" content=\"1024\" \/>\n\t<meta property=\"og:image:type\" content=\"image\/png\" \/>\n<meta name=\"twitter:card\" content=\"summary_large_image\" \/>\n<meta name=\"twitter:label1\" content=\"Tempo estimado de leitura\" \/>\n\t<meta name=\"twitter:data1\" content=\"1 minuto\" \/>\n<script type=\"application\/ld+json\" class=\"yoast-schema-graph\">{\"@context\":\"https:\/\/schema.org\",\"@graph\":[{\"@type\":\"WebPage\",\"@id\":\"https:\/\/olganaturalistheway.com\/pt-pt\/produto\/exfoliante-do-rosto-2\/\",\"url\":\"https:\/\/olganaturalistheway.com\/pt-pt\/produto\/exfoliante-do-rosto-2\/\",\"name\":\"Exfoliante do Rosto - Olga Natureza\",\"isPartOf\":{\"@id\":\"https:\/\/olganaturalistheway.com\/pt-pt\/#website\"},\"primaryImageOfPage\":{\"@id\":\"https:\/\/olganaturalistheway.com\/pt-pt\/produto\/exfoliante-do-rosto-2\/#primaryimage\"},\"image\":{\"@id\":\"https:\/\/olganaturalistheway.com\/pt-pt\/produto\/exfoliante-do-rosto-2\/#primaryimage\"},\"thumbnailUrl\":\"https:\/\/olganaturalistheway.com\/wp-content\/uploads\/2025\/10\/F29A2FFC-9E89-46D2-9734-FC4C73BB513C.png\",\"datePublished\":\"2020-06-01T11:13:08+00:00\",\"dateModified\":\"2025-10-23T12:43:47+00:00\",\"breadcrumb\":{\"@id\":\"https:\/\/olganaturalistheway.com\/pt-pt\/produto\/exfoliante-do-rosto-2\/#breadcrumb\"},\"inLanguage\":\"pt-PT\",\"potentialAction\":[{\"@type\":\"ReadAction\",\"target\":[\"https:\/\/olganaturalistheway.com\/pt-pt\/produto\/exfoliante-do-rosto-2\/\"]}]},{\"@type\":\"ImageObject\",\"inLanguage\":\"pt-PT\",\"@id\":\"https:\/\/olganaturalistheway.com\/pt-pt\/produto\/exfoliante-do-rosto-2\/#primaryimage\",\"url\":\"https:\/\/olganaturalistheway.com\/wp-content\/uploads\/2025\/10\/F29A2FFC-9E89-46D2-9734-FC4C73BB513C.png\",\"contentUrl\":\"https:\/\/olganaturalistheway.com\/wp-content\/uploads\/2025\/10\/F29A2FFC-9E89-46D2-9734-FC4C73BB513C.png\",\"width\":1024,\"height\":1024},{\"@type\":\"BreadcrumbList\",\"@id\":\"https:\/\/olganaturalistheway.com\/pt-pt\/produto\/exfoliante-do-rosto-2\/#breadcrumb\",\"itemListElement\":[{\"@type\":\"ListItem\",\"position\":1,\"name\":\"Home\",\"item\":\"https:\/\/olganaturalistheway.com\/pt-pt\/\"},{\"@type\":\"ListItem\",\"position\":2,\"name\":\"Loja\",\"item\":\"https:\/\/olganaturalistheway.com\/pt-pt\/loja\/\"},{\"@type\":\"ListItem\",\"position\":3,\"name\":\"Exfoliante do Rosto\"}]},{\"@type\":\"WebSite\",\"@id\":\"https:\/\/olganaturalistheway.com\/pt-pt\/#website\",\"url\":\"https:\/\/olganaturalistheway.com\/pt-pt\/\",\"name\":\"Olga Natureza\",\"description\":\"At\u00e9 100%Natureza\",\"publisher\":{\"@id\":\"https:\/\/olganaturalistheway.com\/pt-pt\/#organization\"},\"potentialAction\":[{\"@type\":\"SearchAction\",\"target\":{\"@type\":\"EntryPoint\",\"urlTemplate\":\"https:\/\/olganaturalistheway.com\/pt-pt\/?s={search_term_string}\"},\"query-input\":{\"@type\":\"PropertyValueSpecification\",\"valueRequired\":true,\"valueName\":\"search_term_string\"}}],\"inLanguage\":\"pt-PT\"},{\"@type\":\"Organization\",\"@id\":\"https:\/\/olganaturalistheway.com\/pt-pt\/#organization\",\"name\":\"Olga Natureza\",\"url\":\"https:\/\/olganaturalistheway.com\/pt-pt\/\",\"logo\":{\"@type\":\"ImageObject\",\"inLanguage\":\"pt-PT\",\"@id\":\"https:\/\/olganaturalistheway.com\/pt-pt\/#\/schema\/logo\/image\/\",\"url\":\"https:\/\/olganaturalistheway.com\/wp-content\/uploads\/2020\/06\/1BFA7F99-1EDD-497E-B079-C104ABE0C82D.jpeg\",\"contentUrl\":\"https:\/\/olganaturalistheway.com\/wp-content\/uploads\/2020\/06\/1BFA7F99-1EDD-497E-B079-C104ABE0C82D.jpeg\",\"width\":2048,\"height\":2048,\"caption\":\"Olga Natureza\"},\"image\":{\"@id\":\"https:\/\/olganaturalistheway.com\/pt-pt\/#\/schema\/logo\/image\/\"},\"sameAs\":[\"https:\/\/www.facebook.com\/SalaoOlga\/\",\"https:\/\/www.instagram.com\/salonolgaltd\/\"]}]}<\/script>\n<!-- \/ Yoast SEO plugin. -->","yoast_head_json":{"title":"Exfoliante do Rosto - Olga Natureza","robots":{"index":"index","follow":"follow","max-snippet":"max-snippet:-1","max-image-preview":"max-image-preview:large","max-video-preview":"max-video-preview:-1"},"canonical":"https:\/\/olganaturalistheway.com\/pt-pt\/produto\/exfoliante-do-rosto-2\/","og_locale":"pt_PT","og_type":"article","og_title":"Exfoliante do Rosto - Olga Natureza","og_description":"&nbsp; Feito com am\u00eandoas mo\u00eddas e caro\u00e7o de azeitona, desenhado para hidratar e equilibrar cada tipo de pele incluindo a que sofre de acne. 50ml Entrega: [\u2026]","og_url":"https:\/\/olganaturalistheway.com\/pt-pt\/produto\/exfoliante-do-rosto-2\/","og_site_name":"Olga Natureza","article_publisher":"https:\/\/www.facebook.com\/SalaoOlga\/","article_modified_time":"2025-10-23T12:43:47+00:00","og_image":[{"width":1024,"height":1024,"url":"https:\/\/olganaturalistheway.com\/wp-content\/uploads\/2025\/10\/F29A2FFC-9E89-46D2-9734-FC4C73BB513C.png","type":"image\/png"}],"twitter_card":"summary_large_image","twitter_misc":{"Tempo estimado de leitura":"1 minuto"},"schema":{"@context":"https:\/\/schema.org","@graph":[{"@type":"WebPage","@id":"https:\/\/olganaturalistheway.com\/pt-pt\/produto\/exfoliante-do-rosto-2\/","url":"https:\/\/olganaturalistheway.com\/pt-pt\/produto\/exfoliante-do-rosto-2\/","name":"Exfoliante do Rosto - Olga Natureza","isPartOf":{"@id":"https:\/\/olganaturalistheway.com\/pt-pt\/#website"},"primaryImageOfPage":{"@id":"https:\/\/olganaturalistheway.com\/pt-pt\/produto\/exfoliante-do-rosto-2\/#primaryimage"},"image":{"@id":"https:\/\/olganaturalistheway.com\/pt-pt\/produto\/exfoliante-do-rosto-2\/#primaryimage"},"thumbnailUrl":"https:\/\/olganaturalistheway.com\/wp-content\/uploads\/2025\/10\/F29A2FFC-9E89-46D2-9734-FC4C73BB513C.png","datePublished":"2020-06-01T11:13:08+00:00","dateModified":"2025-10-23T12:43:47+00:00","breadcrumb":{"@id":"https:\/\/olganaturalistheway.com\/pt-pt\/produto\/exfoliante-do-rosto-2\/#breadcrumb"},"inLanguage":"pt-PT","potentialAction":[{"@type":"ReadAction","target":["https:\/\/olganaturalistheway.com\/pt-pt\/produto\/exfoliante-do-rosto-2\/"]}]},{"@type":"ImageObject","inLanguage":"pt-PT","@id":"https:\/\/olganaturalistheway.com\/pt-pt\/produto\/exfoliante-do-rosto-2\/#primaryimage","url":"https:\/\/olganaturalistheway.com\/wp-content\/uploads\/2025\/10\/F29A2FFC-9E89-46D2-9734-FC4C73BB513C.png","contentUrl":"https:\/\/olganaturalistheway.com\/wp-content\/uploads\/2025\/10\/F29A2FFC-9E89-46D2-9734-FC4C73BB513C.png","width":1024,"height":1024},{"@type":"BreadcrumbList","@id":"https:\/\/olganaturalistheway.com\/pt-pt\/produto\/exfoliante-do-rosto-2\/#breadcrumb","itemListElement":[{"@type":"ListItem","position":1,"name":"Home","item":"https:\/\/olganaturalistheway.com\/pt-pt\/"},{"@type":"ListItem","position":2,"name":"Loja","item":"https:\/\/olganaturalistheway.com\/pt-pt\/loja\/"},{"@type":"ListItem","position":3,"name":"Exfoliante do Rosto"}]},{"@type":"WebSite","@id":"https:\/\/olganaturalistheway.com\/pt-pt\/#website","url":"https:\/\/olganaturalistheway.com\/pt-pt\/","name":"Olga Natureza","description":"At\u00e9 100%Natureza","publisher":{"@id":"https:\/\/olganaturalistheway.com\/pt-pt\/#organization"},"potentialAction":[{"@type":"SearchAction","target":{"@type":"EntryPoint","urlTemplate":"https:\/\/olganaturalistheway.com\/pt-pt\/?s={search_term_string}"},"query-input":{"@type":"PropertyValueSpecification","valueRequired":true,"valueName":"search_term_string"}}],"inLanguage":"pt-PT"},{"@type":"Organization","@id":"https:\/\/olganaturalistheway.com\/pt-pt\/#organization","name":"Olga Natureza","url":"https:\/\/olganaturalistheway.com\/pt-pt\/","logo":{"@type":"ImageObject","inLanguage":"pt-PT","@id":"https:\/\/olganaturalistheway.com\/pt-pt\/#\/schema\/logo\/image\/","url":"https:\/\/olganaturalistheway.com\/wp-content\/uploads\/2020\/06\/1BFA7F99-1EDD-497E-B079-C104ABE0C82D.jpeg","contentUrl":"https:\/\/olganaturalistheway.com\/wp-content\/uploads\/2020\/06\/1BFA7F99-1EDD-497E-B079-C104ABE0C82D.jpeg","width":2048,"height":2048,"caption":"Olga Natureza"},"image":{"@id":"https:\/\/olganaturalistheway.com\/pt-pt\/#\/schema\/logo\/image\/"},"sameAs":["https:\/\/www.facebook.com\/SalaoOlga\/","https:\/\/www.instagram.com\/salonolgaltd\/"]}]}},"_links":{"self":[{"href":"https:\/\/olganaturalistheway.com\/pt-pt\/wp-json\/wp\/v2\/product\/360","targetHints":{"allow":["GET"]}}],"collection":[{"href":"https:\/\/olganaturalistheway.com\/pt-pt\/wp-json\/wp\/v2\/product"}],"about":[{"href":"https:\/\/olganaturalistheway.com\/pt-pt\/wp-json\/wp\/v2\/types\/product"}],"replies":[{"embeddable":true,"href":"https:\/\/olganaturalistheway.com\/pt-pt\/wp-json\/wp\/v2\/comments?post=360"}],"wp:featuredmedia":[{"embeddable":true,"href":"https:\/\/olganaturalistheway.com\/pt-pt\/wp-json\/wp\/v2\/media\/1846"}],"wp:attachment":[{"href":"https:\/\/olganaturalistheway.com\/pt-pt\/wp-json\/wp\/v2\/media?parent=360"}],"wp:term":[{"taxonomy":"product_brand","embeddable":true,"href":"https:\/\/olganaturalistheway.com\/pt-pt\/wp-json\/wp\/v2\/product_brand?post=360"},{"taxonomy":"product_cat","embeddable":true,"href":"https:\/\/olganaturalistheway.com\/pt-pt\/wp-json\/wp\/v2\/product_cat?post=360"},{"taxonomy":"product_tag","embeddable":true,"href":"https:\/\/olganaturalistheway.com\/pt-pt\/wp-json\/wp\/v2\/product_tag?post=360"}],"curies":[{"name":"wp","href":"https:\/\/api.w.org\/{rel}","templated":true}]}}