{"id":366,"date":"2020-06-01T11:19:59","date_gmt":"2020-06-01T11:19:59","guid":{"rendered":"https:\/\/olganaturalistheway.com\/?post_type=product&#038;p=366"},"modified":"2025-10-23T12:21:17","modified_gmt":"2025-10-23T12:21:17","slug":"vela-de-massagem-organica-com-soja","status":"publish","type":"product","link":"https:\/\/olganaturalistheway.com\/pt-pt\/produto\/vela-de-massagem-organica-com-soja\/","title":{"rendered":"Vela de Massagem Org\u00e2nica com Soja"},"content":{"rendered":"<p>Com perfume natural e relaxante, esta vela \u00e9 feita para usar no corpo e aliviar dores musculares estimular e tonificar a pele. Absorve facilmente e n\u00e3o deixa gordura.<\/p>\n<p><strong>100ml<\/strong><br \/>\n<strong>Entrega: 15\/20 dias<\/strong><\/p>\n","protected":false},"excerpt":{"rendered":"<p>Com perfume natural e relaxante, esta vela \u00e9 feita para usar no corpo e aliviar dores musculares estimular e tonificar a pele. Absorve facilmente e n\u00e3o<span class=\"excerpt-hellip\"> [\u2026]<\/span><\/p>\n","protected":false},"featured_media":1883,"comment_status":"open","ping_status":"closed","template":"","meta":[],"product_brand":[],"product_cat":[24],"product_tag":[],"class_list":{"0":"post-366","1":"product","2":"type-product","3":"status-publish","4":"has-post-thumbnail","6":"product_cat-linha-para-casa","8":"first","9":"instock","10":"shipping-taxable","11":"purchasable","12":"product-type-simple"},"yoast_head":"<!-- This site is optimized with the Yoast SEO plugin v25.5 - https:\/\/yoast.com\/wordpress\/plugins\/seo\/ -->\n<title>Vela de Massagem Org\u00e2nica com Soja - Olga Natureza<\/title>\n<meta name=\"robots\" content=\"index, follow, max-snippet:-1, max-image-preview:large, max-video-preview:-1\" \/>\n<link rel=\"canonical\" href=\"https:\/\/olganaturalistheway.com\/pt-pt\/produto\/vela-de-massagem-organica-com-soja\/\" \/>\n<meta property=\"og:locale\" content=\"pt_PT\" \/>\n<meta property=\"og:type\" content=\"article\" \/>\n<meta property=\"og:title\" content=\"Vela de Massagem Org\u00e2nica com Soja - Olga Natureza\" \/>\n<meta property=\"og:description\" content=\"Com perfume natural e relaxante, esta vela \u00e9 feita para usar no corpo e aliviar dores musculares estimular e tonificar a pele. Absorve facilmente e n\u00e3o [\u2026]\" \/>\n<meta property=\"og:url\" content=\"https:\/\/olganaturalistheway.com\/pt-pt\/produto\/vela-de-massagem-organica-com-soja\/\" \/>\n<meta property=\"og:site_name\" content=\"Olga Natureza\" \/>\n<meta property=\"article:publisher\" content=\"https:\/\/www.facebook.com\/SalaoOlga\/\" \/>\n<meta property=\"article:modified_time\" content=\"2025-10-23T12:21:17+00:00\" \/>\n<meta property=\"og:image\" content=\"https:\/\/olganaturalistheway.com\/wp-content\/uploads\/2025\/10\/IMG_0936.jpeg\" \/>\n\t<meta property=\"og:image:width\" content=\"1024\" \/>\n\t<meta property=\"og:image:height\" content=\"1536\" \/>\n\t<meta property=\"og:image:type\" content=\"image\/jpeg\" \/>\n<meta name=\"twitter:card\" content=\"summary_large_image\" \/>\n<meta name=\"twitter:label1\" content=\"Tempo estimado de leitura\" \/>\n\t<meta name=\"twitter:data1\" content=\"1 minuto\" \/>\n<script type=\"application\/ld+json\" class=\"yoast-schema-graph\">{\"@context\":\"https:\/\/schema.org\",\"@graph\":[{\"@type\":\"WebPage\",\"@id\":\"https:\/\/olganaturalistheway.com\/pt-pt\/produto\/vela-de-massagem-organica-com-soja\/\",\"url\":\"https:\/\/olganaturalistheway.com\/pt-pt\/produto\/vela-de-massagem-organica-com-soja\/\",\"name\":\"Vela de Massagem Org\u00e2nica com Soja - Olga Natureza\",\"isPartOf\":{\"@id\":\"https:\/\/olganaturalistheway.com\/pt-pt\/#website\"},\"primaryImageOfPage\":{\"@id\":\"https:\/\/olganaturalistheway.com\/pt-pt\/produto\/vela-de-massagem-organica-com-soja\/#primaryimage\"},\"image\":{\"@id\":\"https:\/\/olganaturalistheway.com\/pt-pt\/produto\/vela-de-massagem-organica-com-soja\/#primaryimage\"},\"thumbnailUrl\":\"https:\/\/olganaturalistheway.com\/wp-content\/uploads\/2025\/10\/IMG_0936.jpeg\",\"datePublished\":\"2020-06-01T11:19:59+00:00\",\"dateModified\":\"2025-10-23T12:21:17+00:00\",\"breadcrumb\":{\"@id\":\"https:\/\/olganaturalistheway.com\/pt-pt\/produto\/vela-de-massagem-organica-com-soja\/#breadcrumb\"},\"inLanguage\":\"pt-PT\",\"potentialAction\":[{\"@type\":\"ReadAction\",\"target\":[\"https:\/\/olganaturalistheway.com\/pt-pt\/produto\/vela-de-massagem-organica-com-soja\/\"]}]},{\"@type\":\"ImageObject\",\"inLanguage\":\"pt-PT\",\"@id\":\"https:\/\/olganaturalistheway.com\/pt-pt\/produto\/vela-de-massagem-organica-com-soja\/#primaryimage\",\"url\":\"https:\/\/olganaturalistheway.com\/wp-content\/uploads\/2025\/10\/IMG_0936.jpeg\",\"contentUrl\":\"https:\/\/olganaturalistheway.com\/wp-content\/uploads\/2025\/10\/IMG_0936.jpeg\",\"width\":1024,\"height\":1536},{\"@type\":\"BreadcrumbList\",\"@id\":\"https:\/\/olganaturalistheway.com\/pt-pt\/produto\/vela-de-massagem-organica-com-soja\/#breadcrumb\",\"itemListElement\":[{\"@type\":\"ListItem\",\"position\":1,\"name\":\"Home\",\"item\":\"https:\/\/olganaturalistheway.com\/pt-pt\/\"},{\"@type\":\"ListItem\",\"position\":2,\"name\":\"Loja\",\"item\":\"https:\/\/olganaturalistheway.com\/pt-pt\/loja\/\"},{\"@type\":\"ListItem\",\"position\":3,\"name\":\"Vela de Massagem Org\u00e2nica com Soja\"}]},{\"@type\":\"WebSite\",\"@id\":\"https:\/\/olganaturalistheway.com\/pt-pt\/#website\",\"url\":\"https:\/\/olganaturalistheway.com\/pt-pt\/\",\"name\":\"Olga Natureza\",\"description\":\"At\u00e9 100%Natureza\",\"publisher\":{\"@id\":\"https:\/\/olganaturalistheway.com\/pt-pt\/#organization\"},\"potentialAction\":[{\"@type\":\"SearchAction\",\"target\":{\"@type\":\"EntryPoint\",\"urlTemplate\":\"https:\/\/olganaturalistheway.com\/pt-pt\/?s={search_term_string}\"},\"query-input\":{\"@type\":\"PropertyValueSpecification\",\"valueRequired\":true,\"valueName\":\"search_term_string\"}}],\"inLanguage\":\"pt-PT\"},{\"@type\":\"Organization\",\"@id\":\"https:\/\/olganaturalistheway.com\/pt-pt\/#organization\",\"name\":\"Olga Natureza\",\"url\":\"https:\/\/olganaturalistheway.com\/pt-pt\/\",\"logo\":{\"@type\":\"ImageObject\",\"inLanguage\":\"pt-PT\",\"@id\":\"https:\/\/olganaturalistheway.com\/pt-pt\/#\/schema\/logo\/image\/\",\"url\":\"https:\/\/olganaturalistheway.com\/wp-content\/uploads\/2020\/06\/1BFA7F99-1EDD-497E-B079-C104ABE0C82D.jpeg\",\"contentUrl\":\"https:\/\/olganaturalistheway.com\/wp-content\/uploads\/2020\/06\/1BFA7F99-1EDD-497E-B079-C104ABE0C82D.jpeg\",\"width\":2048,\"height\":2048,\"caption\":\"Olga Natureza\"},\"image\":{\"@id\":\"https:\/\/olganaturalistheway.com\/pt-pt\/#\/schema\/logo\/image\/\"},\"sameAs\":[\"https:\/\/www.facebook.com\/SalaoOlga\/\",\"https:\/\/www.instagram.com\/salonolgaltd\/\"]}]}<\/script>\n<!-- \/ Yoast SEO plugin. -->","yoast_head_json":{"title":"Vela de Massagem Org\u00e2nica com Soja - Olga Natureza","robots":{"index":"index","follow":"follow","max-snippet":"max-snippet:-1","max-image-preview":"max-image-preview:large","max-video-preview":"max-video-preview:-1"},"canonical":"https:\/\/olganaturalistheway.com\/pt-pt\/produto\/vela-de-massagem-organica-com-soja\/","og_locale":"pt_PT","og_type":"article","og_title":"Vela de Massagem Org\u00e2nica com Soja - Olga Natureza","og_description":"Com perfume natural e relaxante, esta vela \u00e9 feita para usar no corpo e aliviar dores musculares estimular e tonificar a pele. Absorve facilmente e n\u00e3o [\u2026]","og_url":"https:\/\/olganaturalistheway.com\/pt-pt\/produto\/vela-de-massagem-organica-com-soja\/","og_site_name":"Olga Natureza","article_publisher":"https:\/\/www.facebook.com\/SalaoOlga\/","article_modified_time":"2025-10-23T12:21:17+00:00","og_image":[{"width":1024,"height":1536,"url":"https:\/\/olganaturalistheway.com\/wp-content\/uploads\/2025\/10\/IMG_0936.jpeg","type":"image\/jpeg"}],"twitter_card":"summary_large_image","twitter_misc":{"Tempo estimado de leitura":"1 minuto"},"schema":{"@context":"https:\/\/schema.org","@graph":[{"@type":"WebPage","@id":"https:\/\/olganaturalistheway.com\/pt-pt\/produto\/vela-de-massagem-organica-com-soja\/","url":"https:\/\/olganaturalistheway.com\/pt-pt\/produto\/vela-de-massagem-organica-com-soja\/","name":"Vela de Massagem Org\u00e2nica com Soja - Olga Natureza","isPartOf":{"@id":"https:\/\/olganaturalistheway.com\/pt-pt\/#website"},"primaryImageOfPage":{"@id":"https:\/\/olganaturalistheway.com\/pt-pt\/produto\/vela-de-massagem-organica-com-soja\/#primaryimage"},"image":{"@id":"https:\/\/olganaturalistheway.com\/pt-pt\/produto\/vela-de-massagem-organica-com-soja\/#primaryimage"},"thumbnailUrl":"https:\/\/olganaturalistheway.com\/wp-content\/uploads\/2025\/10\/IMG_0936.jpeg","datePublished":"2020-06-01T11:19:59+00:00","dateModified":"2025-10-23T12:21:17+00:00","breadcrumb":{"@id":"https:\/\/olganaturalistheway.com\/pt-pt\/produto\/vela-de-massagem-organica-com-soja\/#breadcrumb"},"inLanguage":"pt-PT","potentialAction":[{"@type":"ReadAction","target":["https:\/\/olganaturalistheway.com\/pt-pt\/produto\/vela-de-massagem-organica-com-soja\/"]}]},{"@type":"ImageObject","inLanguage":"pt-PT","@id":"https:\/\/olganaturalistheway.com\/pt-pt\/produto\/vela-de-massagem-organica-com-soja\/#primaryimage","url":"https:\/\/olganaturalistheway.com\/wp-content\/uploads\/2025\/10\/IMG_0936.jpeg","contentUrl":"https:\/\/olganaturalistheway.com\/wp-content\/uploads\/2025\/10\/IMG_0936.jpeg","width":1024,"height":1536},{"@type":"BreadcrumbList","@id":"https:\/\/olganaturalistheway.com\/pt-pt\/produto\/vela-de-massagem-organica-com-soja\/#breadcrumb","itemListElement":[{"@type":"ListItem","position":1,"name":"Home","item":"https:\/\/olganaturalistheway.com\/pt-pt\/"},{"@type":"ListItem","position":2,"name":"Loja","item":"https:\/\/olganaturalistheway.com\/pt-pt\/loja\/"},{"@type":"ListItem","position":3,"name":"Vela de Massagem Org\u00e2nica com Soja"}]},{"@type":"WebSite","@id":"https:\/\/olganaturalistheway.com\/pt-pt\/#website","url":"https:\/\/olganaturalistheway.com\/pt-pt\/","name":"Olga Natureza","description":"At\u00e9 100%Natureza","publisher":{"@id":"https:\/\/olganaturalistheway.com\/pt-pt\/#organization"},"potentialAction":[{"@type":"SearchAction","target":{"@type":"EntryPoint","urlTemplate":"https:\/\/olganaturalistheway.com\/pt-pt\/?s={search_term_string}"},"query-input":{"@type":"PropertyValueSpecification","valueRequired":true,"valueName":"search_term_string"}}],"inLanguage":"pt-PT"},{"@type":"Organization","@id":"https:\/\/olganaturalistheway.com\/pt-pt\/#organization","name":"Olga Natureza","url":"https:\/\/olganaturalistheway.com\/pt-pt\/","logo":{"@type":"ImageObject","inLanguage":"pt-PT","@id":"https:\/\/olganaturalistheway.com\/pt-pt\/#\/schema\/logo\/image\/","url":"https:\/\/olganaturalistheway.com\/wp-content\/uploads\/2020\/06\/1BFA7F99-1EDD-497E-B079-C104ABE0C82D.jpeg","contentUrl":"https:\/\/olganaturalistheway.com\/wp-content\/uploads\/2020\/06\/1BFA7F99-1EDD-497E-B079-C104ABE0C82D.jpeg","width":2048,"height":2048,"caption":"Olga Natureza"},"image":{"@id":"https:\/\/olganaturalistheway.com\/pt-pt\/#\/schema\/logo\/image\/"},"sameAs":["https:\/\/www.facebook.com\/SalaoOlga\/","https:\/\/www.instagram.com\/salonolgaltd\/"]}]}},"_links":{"self":[{"href":"https:\/\/olganaturalistheway.com\/pt-pt\/wp-json\/wp\/v2\/product\/366","targetHints":{"allow":["GET"]}}],"collection":[{"href":"https:\/\/olganaturalistheway.com\/pt-pt\/wp-json\/wp\/v2\/product"}],"about":[{"href":"https:\/\/olganaturalistheway.com\/pt-pt\/wp-json\/wp\/v2\/types\/product"}],"replies":[{"embeddable":true,"href":"https:\/\/olganaturalistheway.com\/pt-pt\/wp-json\/wp\/v2\/comments?post=366"}],"wp:featuredmedia":[{"embeddable":true,"href":"https:\/\/olganaturalistheway.com\/pt-pt\/wp-json\/wp\/v2\/media\/1883"}],"wp:attachment":[{"href":"https:\/\/olganaturalistheway.com\/pt-pt\/wp-json\/wp\/v2\/media?parent=366"}],"wp:term":[{"taxonomy":"product_brand","embeddable":true,"href":"https:\/\/olganaturalistheway.com\/pt-pt\/wp-json\/wp\/v2\/product_brand?post=366"},{"taxonomy":"product_cat","embeddable":true,"href":"https:\/\/olganaturalistheway.com\/pt-pt\/wp-json\/wp\/v2\/product_cat?post=366"},{"taxonomy":"product_tag","embeddable":true,"href":"https:\/\/olganaturalistheway.com\/pt-pt\/wp-json\/wp\/v2\/product_tag?post=366"}],"curies":[{"name":"wp","href":"https:\/\/api.w.org\/{rel}","templated":true}]}}